{"id":16995,"date":"2024-01-25T17:50:51","date_gmt":"2024-01-25T16:50:51","guid":{"rendered":"https:\/\/tajimaeurope.com\/guide-machines-broder-professionnelles\/machines-broder-professionnelles-differents-types\/"},"modified":"2024-01-25T17:50:51","modified_gmt":"2024-01-25T16:50:51","slug":"machines-broder-professionnelles-differents-types","status":"publish","type":"page","link":"https:\/\/tajimaeurope.com\/fr\/guide-machines-broder-professionnelles\/machines-broder-professionnelles-differents-types\/","title":{"rendered":"Quels sont les diff\u00e9rents types de machines \u00e0 broder professionnelles ?"},"content":{"rendered":"<p>Le domaine de la broderie est en constante \u00e9volution, avec des innovations qui permettent aux professionnels de r\u00e9aliser des ouvrages d&rsquo;une qualit\u00e9 et d&rsquo;une finesse incomparables. Les <a href=\"https:\/\/tajimaeurope.com\/fr\/nos-machines-a-broder\/machines-speciales\/tcmx\/\">machines \u00e0 broder professionnelles<\/a> se d\u00e9clinent sous diff\u00e9rents types pour r\u00e9pondre aux besoins sp\u00e9cifiques de chaque projet. Parmi ces \u00e9quipements, les machines \u00e0 <strong>t\u00eate unique<\/strong> sont pris\u00e9es pour leur polyvalence, tandis que les versions multi-t\u00eates offrent <strong>productivit\u00e9<\/strong> et rapidit\u00e9 pour des productions de masse. De plus, les machines sp\u00e9cialis\u00e9es \u00e9tendent les possibilit\u00e9s en mati\u00e8re de broderie en offrant des fonctionnalit\u00e9s cibl\u00e9es. Pour mieux comprendre les <a href=\"https:\/\/tajimaeurope.com\/fr\/guide-machines-broder-professionnelles\/machines-broder-professionnelles-caracteristiques-essentielles\/\">caract\u00e9ristiques d&rsquo;une machine \u00e0 broder professionnelle<\/a>, il est essentiel de d\u00e9couvrir chacun de ces types en d\u00e9tail, leurs domaines d&rsquo;application ainsi que les avantages qu&rsquo;ils peuvent apporter aux professionnels du secteur.<\/p>\n<p><\/BR><\/p>\n<p><img decoding=\"async\" class=\"img-responsive\" src=\"https:\/\/tajimaeurope.com\/wp-content\/uploads\/2024\/01\/machines-broder-professionnelles-differents-types.jpg\" alt =\"Quels sont les diff\u00e9rents types de machines \u00e0 broder professionnelles ?\" \/><\/p>\n<h2>Machines \u00e0 broder professionnelles \u00e0 t\u00eate unique<\/h2>\n<p>Les machines \u00e0 broder professionnelles \u00e0 t\u00eate unique sont con\u00e7ues pour r\u00e9aliser des travaux de broderie sur une zone sp\u00e9cifique et avec un seul fil \u00e0 la fois. Ces machines offrent une grande pr\u00e9cision et qualit\u00e9 de broderie pour diff\u00e9rents motifs tels que le bourdon, le remplissage complexe, la piq\u00fbre, le point bouclette ou encore le point de croix. Elles sont id\u00e9ales pour les <strong>petites entreprises<\/strong> ou les <strong>artisans<\/strong> souhaitant produire des pi\u00e8ces uniques ou effectuer des travaux en petite quantit\u00e9.<\/p>\n<h3>Caract\u00e9ristiques des machines \u00e0 broder professionnelles \u00e0 t\u00eate unique<\/h3>\n<p>Les machines \u00e0 broder professionnelles \u00e0 t\u00eate unique se distinguent par leur <strong>structure robuste<\/strong> et adapt\u00e9e aux exigences du secteur textile. Contrairement aux machines familiales o\u00f9 la t\u00eate de broderie est plac\u00e9e sur un \u00ab\u00a0col de cygne\u00a0\u00bb, dans les machines professionnelles, la t\u00eate de broderie est fix\u00e9e sur une poutre qui assure sa <strong>stabilit\u00e9<\/strong> lors du travail. De plus, ces machines ont g\u00e9n\u00e9ralement un meilleur champ de broderie et peuvent supporter <strong>jusqu&rsquo;\u00e0 plusieurs couleurs<\/strong>.<\/p>\n<h3>Marques populaires et options disponibles<\/h3>\n<p>Plusieurs fabricants proposent des machines \u00e0 broder professionnelles \u00e0 t\u00eate unique de haute qualit\u00e9. Parmi eux figurent Tajima, Barudan, Happy, SWF et ZSK. Chacun offre des fonctionnalit\u00e9s et options sp\u00e9cifiques pour r\u00e9pondre aux <strong>besoins vari\u00e9s<\/strong> des professionnels.<\/p>\n<p>Au fil du temps, l&rsquo;\u00e9volution technologique a permis l&rsquo;introduction d&rsquo;options avanc\u00e9es, telles que l&rsquo;utilisation de l&rsquo;IA pour optimiser la distribution des fils, les coupe-fils automatiques, la miniaturisation de l&rsquo;\u00e9lectronique et des moteurs pour obtenir des machines plus compactes, ou encore des options sp\u00e9cialis\u00e9es pour broder avec des <strong>perles<\/strong> et des <strong>paillettes<\/strong>.<\/p>\n<h3>Choisir une machine \u00e0 broder professionnelle \u00e0 t\u00eate unique<\/h3>\n<p>Pour choisir la machine \u00e0 broder professionnelle \u00e0 t\u00eate unique adapt\u00e9e \u00e0 vos besoins, plusieurs crit\u00e8res sont \u00e0 prendre en compte : le type de broderie \u00e0 r\u00e9aliser, le champ de broderie n\u00e9cessaire et le nombre de couleurs souhait\u00e9es. Il est \u00e9galement essentiel d&rsquo;\u00e9valuer la capacit\u00e9 de la machine \u00e0 s&rsquo;int\u00e9grer dans votre flux de production actuel et de prendre en consid\u00e9ration les co\u00fbts op\u00e9rationnels, tels que l&rsquo;entretien et le support technique.<\/p>\n<p>En somme, les machines \u00e0 broder professionnelles \u00e0 t\u00eate unique offrent une excellente solution pour les entrepreneurs textiles cherchant une option pr\u00e9cise, polyvalente et capable de r\u00e9pondre aux demandes vari\u00e9es du march\u00e9.<\/p>\n<h2>Machines \u00e0 broder professionnelles multi-t\u00eates<\/h2>\n<p>La broderie professionnelle se tient sur un march\u00e9 tr\u00e8s comp\u00e9titif, et pour r\u00e9pondre aux besoins des professionnels du textile et de la confection, diff\u00e9rents types de machines \u00e0 broder existent. Parmi elles, les machines \u00e0 broder professionnelles multi-t\u00eates sont con\u00e7ues pour r\u00e9pondre aux exigences de production \u00e0 grande \u00e9chelle et offrir une <strong>efficacit\u00e9 accrue<\/strong> lors de la r\u00e9alisation de divers projets. Ce type de machine est surtout appr\u00e9ci\u00e9 par les entreprises qui doivent g\u00e9rer d&rsquo;importants volumes d&rsquo;articles \u00e0 broder en un temps limit\u00e9.<\/p>\n<h3>Caract\u00e9ristiques des machines \u00e0 broder professionnelles multi-t\u00eates<\/h3>\n<p>Les machines \u00e0 broder professionnelles multi-t\u00eates se distinguent des autres mod\u00e8les par leur capacit\u00e9 \u00e0 travailler simultan\u00e9ment sur plusieurs pi\u00e8ces en utilisant plusieurs aiguilles. Cela permet non seulement une augmentation significative de la productivit\u00e9, mais aussi la possibilit\u00e9 d&rsquo;ex\u00e9cuter des motifs complexes avec une plus grande pr\u00e9cision et rapidit\u00e9.<\/p>\n<p>Ces \u00e9quipements sont g\u00e9n\u00e9ralement compos\u00e9s de :<\/p>\n<ul>\n<li>plusieurs t\u00eates d&rsquo;aiguilles ind\u00e9pendantes qui sont capables de r\u00e9aliser diff\u00e9rentes couleurs et styles simultan\u00e9ment ;<\/li>\n<li>un grand espace de travail pour accueillir plusieurs articles ou mat\u00e9riaux en m\u00eame temps ;<\/li>\n<li>des fonctionnalit\u00e9s avanc\u00e9es pour permettre le contr\u00f4le pr\u00e9cis des param\u00e8tres tels que la tension du fil, la vitesse d&rsquo;enroulement du fil ou encore l&rsquo;espacement entre les points.<\/li>\n<\/ul>\n<h3>Avantages des machines multi-t\u00eates pour les professionnels<\/h3>\n<p>Les <strong>machines \u00e0 broder professionnelles multi-t\u00eates<\/strong> offrent de nombreux avantages pour les entreprises du secteur textile et de la confection :<\/p>\n<ul>\n<li>gains de temps et d&rsquo;efficacit\u00e9 en permettant la production de plusieurs pi\u00e8ces simultan\u00e9ment ;<\/li>\n<li>flexibilit\u00e9 pour cr\u00e9er des motifs aux couleurs vari\u00e9es, gr\u00e2ce \u00e0 leurs diff\u00e9rentes aiguilles ind\u00e9pendantes ;<\/li>\n<li>possibilit\u00e9 d&rsquo;ex\u00e9cuter des commandes volumineuses en un minimum de temps ;<\/li>\n<li>rentabilit\u00e9 accrue due \u00e0 la r\u00e9duction du temps de travail n\u00e9cessaire pour produire chaque pi\u00e8ce.<\/li>\n<\/ul>\n<p><strong>En somme<\/strong>, les machines \u00e0 broder professionnelles multi-t\u00eates offrent une solution plus adapt\u00e9e aux besoins des entreprises sp\u00e9cialis\u00e9es dans la production d&rsquo;articles brod\u00e9s en grande quantit\u00e9. Elles sont un choix id\u00e9al pour am\u00e9liorer l&rsquo;efficacit\u00e9, acc\u00e9l\u00e9rer le processus de production et r\u00e9pondre rapidement aux demandes du march\u00e9.<\/p>\n<h2>Machines \u00e0 broder professionnelles sp\u00e9cialis\u00e9es<\/h2>\n<p>En plus des machines \u00e0 broder classiques, telles que les machines \u00e0 t\u00eate unique et les machines multi-t\u00eates, il existe \u00e9galement des <strong>machines \u00e0 broder professionnelles sp\u00e9cialis\u00e9es<\/strong>. Con\u00e7ues pour des utilisations sp\u00e9cifiques ou pour la cr\u00e9ation de motifs particuliers, ces machines permettent d&rsquo;\u00e9largir les possibilit\u00e9s cr\u00e9atives et de r\u00e9pondre aux exigences sp\u00e9cifiques du march\u00e9. Voici quelques exemples de machines \u00e0 broder professionnelles sp\u00e9cialis\u00e9es :<\/p>\n<h3>Machine \u00e0 broder industrielle \u00e0 plat<\/h3>\n<p>La <strong>machine \u00e0 broder industrielle \u00e0 plat<\/strong> est sp\u00e9cialement con\u00e7ue pour broder les articles avant leur confection. Gr\u00e2ce \u00e0 son syst\u00e8me de tension et de maintien sp\u00e9cifique, cette machine facilite grandement la r\u00e9alisation de broderies sur des tissus plats ou non mont\u00e9s. Souvent employ\u00e9e dans l&rsquo;industrie textile, elle permet une production rapide et efficace pour divers produits comme les v\u00eatements, les accessoires ou encore le linge de maison.<\/p>\n<h3>Machine \u00e0 broder canon<\/h3>\n<p>La <strong>machine \u00e0 broder canon<\/strong> est id\u00e9ale pour la production d&rsquo;articles mont\u00e9s tels que les casquettes ou autres accessoires volumineux. Dot\u00e9e d&rsquo;un syst\u00e8me innovant qui permet le passage facile et fluide du produit sous l&rsquo;aiguille, cette machine assure une pr\u00e9cision optimale lors de la r\u00e9alisation des motifs, m\u00eame sur des supports difficiles d&rsquo;acc\u00e8s. Elle garantit ainsi un rendu impeccable sur des objets complexes n\u00e9cessitant une grande minutie.<\/p>\n<h3>Machine mixte avec point bouclette<\/h3>\n<p>Pour encore plus de vari\u00e9t\u00e9 et de singularit\u00e9 dans la cr\u00e9ation de motifs, la <strong>machine mixte avec point bouclette<\/strong> peut \u00eatre une excellente option. Si le point bouclette \u00e9tait autrefois r\u00e9alis\u00e9 \u00e0 la main par des artisans exp\u00e9riment\u00e9s, il existe d\u00e9sormais des machines professionnelles qui permettent d&rsquo;obtenir ce rendu d\u00e9licat et raffin\u00e9.<\/p>\n<p>Le <strong>point bouclette<\/strong> est un effet textur\u00e9 obtenu gr\u00e2ce \u00e0 un fil sp\u00e9cifique formant une s\u00e9rie de boucles sur la surface de la broderie. Ce type de machine est surtout utilis\u00e9 pour obtenir des effets visuels sur les motifs brod\u00e9s, comme l&rsquo;ajout de texture ou l&rsquo;imitation d&rsquo;un relief. Les articles haut de gamme, tels que les v\u00eatements ou accessoires de mode con\u00e7us avec une touche distinctive, sont souvent embellis gr\u00e2ce \u00e0 ces machines sp\u00e9cialis\u00e9es.<\/p>\n<p><\/BR><\/p>\n<p><em>Nous vous recommandons ces autres pages : <\/em><\/p>\n<ul>\n<li style=\"list-style-type: none;\">\n<li><a href=\"https:\/\/tajimaeurope.com\/fr\/guide-machines-broder-professionnelles\/machines-broder-professionnelles-histoire-evolution-machines\/\">Histoire des machines \u00e0 broder professionnelles<\/a><\/li>\n<li><a href=\"https:\/\/tajimaeurope.com\/fr\/guide-machines-broder-professionnelles\/machines-broder-professionnelles-types-motifs-creer\/\">Types de motifs pouvant \u00eatre brod\u00e9s par une machine \u00e0 broder professionnelle<\/a><\/li>\n<li><a href=\"https:\/\/tajimaeurope.com\/fr\/guide-machines-broder-professionnelles\/machines-broder-professionnelles-mecanismes-fonctionnement\/\">M\u00e9canismes de fonctionnement d&rsquo;une machine \u00e0 broder professionnelle<\/a><\/li>\n<\/ul>\n","protected":false},"excerpt":{"rendered":"<p>Le domaine de la broderie est en constante \u00e9volution, avec des innovations qui permettent aux professionnels de r\u00e9aliser des ouvrages d&rsquo;une qualit\u00e9 et d&rsquo;une finesse incomparables. Les machines \u00e0 broder professionnelles se d\u00e9clinent sous diff\u00e9rents types pour r\u00e9pondre aux besoins sp\u00e9cifiques de chaque projet. Parmi ces \u00e9quipements, les machines \u00e0 t\u00eate unique sont pris\u00e9es pour&hellip;&nbsp;<a href=\"https:\/\/tajimaeurope.com\/fr\/guide-machines-broder-professionnelles\/machines-broder-professionnelles-differents-types\/\" rel=\"bookmark\">Read More &raquo;<span class=\"screen-reader-text\">Quels sont les diff\u00e9rents types de machines \u00e0 broder professionnelles ?<\/span><\/a><\/p>\n","protected":false},"author":6,"featured_media":0,"parent":16968,"menu_order":0,"comment_status":"closed","ping_status":"closed","template":"","meta":{"_acf_changed":false,"neve_meta_sidebar":"","neve_meta_container":"","neve_meta_enable_content_width":"","neve_meta_content_width":0,"neve_meta_title_alignment":"","neve_meta_author_avatar":"","neve_post_elements_order":"","neve_meta_disable_header":"","neve_meta_disable_footer":"","neve_meta_disable_title":"","neve_meta_reading_time":"","footnotes":""},"class_list":["post-16995","page","type-page","status-publish","hentry"],"acf":[],"yoast_head":"<!-- This site is optimized with the Yoast SEO plugin v27.4 - https:\/\/yoast.com\/product\/yoast-seo-wordpress\/ -->\n<title>Quels sont les diff\u00e9rents types de machines \u00e0 broder professionnelles ? - Tajima Europe<\/title>\n<meta name=\"robots\" content=\"index, follow, max-snippet:-1, max-image-preview:large, max-video-preview:-1\" \/>\n<link rel=\"canonical\" href=\"https:\/\/tajimaeurope.com\/fr\/guide-machines-broder-professionnelles\/machines-broder-professionnelles-differents-types\/\" \/>\n<meta property=\"og:locale\" content=\"fr_FR\" \/>\n<meta property=\"og:type\" content=\"article\" \/>\n<meta property=\"og:title\" content=\"Quels sont les diff\u00e9rents types de machines \u00e0 broder professionnelles ? - Tajima Europe\" \/>\n<meta property=\"og:description\" content=\"Le domaine de la broderie est en constante \u00e9volution, avec des innovations qui permettent aux professionnels de r\u00e9aliser des ouvrages d&rsquo;une qualit\u00e9 et d&rsquo;une finesse incomparables. Les machines \u00e0 broder professionnelles se d\u00e9clinent sous diff\u00e9rents types pour r\u00e9pondre aux besoins sp\u00e9cifiques de chaque projet. Parmi ces \u00e9quipements, les machines \u00e0 t\u00eate unique sont pris\u00e9es pour&hellip;&nbsp;Read More &raquo;Quels sont les diff\u00e9rents types de machines \u00e0 broder professionnelles ?\" \/>\n<meta property=\"og:url\" content=\"https:\/\/tajimaeurope.com\/fr\/guide-machines-broder-professionnelles\/machines-broder-professionnelles-differents-types\/\" \/>\n<meta property=\"og:site_name\" content=\"Tajima Europe\" \/>\n<meta property=\"og:image\" content=\"https:\/\/tajimaeurope.com\/wp-content\/uploads\/2024\/01\/machines-broder-professionnelles-differents-types.jpg\" \/>\n<meta name=\"twitter:card\" content=\"summary_large_image\" \/>\n<meta name=\"twitter:label1\" content=\"Dur\u00e9e de lecture estim\u00e9e\" \/>\n\t<meta name=\"twitter:data1\" content=\"7 minutes\" \/>\n<script type=\"application\/ld+json\" class=\"yoast-schema-graph\">{\"@context\":\"https:\\\/\\\/schema.org\",\"@graph\":[{\"@type\":\"WebPage\",\"@id\":\"https:\\\/\\\/tajimaeurope.com\\\/fr\\\/guide-machines-broder-professionnelles\\\/machines-broder-professionnelles-differents-types\\\/\",\"url\":\"https:\\\/\\\/tajimaeurope.com\\\/fr\\\/guide-machines-broder-professionnelles\\\/machines-broder-professionnelles-differents-types\\\/\",\"name\":\"Quels sont les diff\u00e9rents types de machines \u00e0 broder professionnelles ? - Tajima Europe\",\"isPartOf\":{\"@id\":\"https:\\\/\\\/tajimaeurope.com\\\/fr\\\/#website\"},\"primaryImageOfPage\":{\"@id\":\"https:\\\/\\\/tajimaeurope.com\\\/fr\\\/guide-machines-broder-professionnelles\\\/machines-broder-professionnelles-differents-types\\\/#primaryimage\"},\"image\":{\"@id\":\"https:\\\/\\\/tajimaeurope.com\\\/fr\\\/guide-machines-broder-professionnelles\\\/machines-broder-professionnelles-differents-types\\\/#primaryimage\"},\"thumbnailUrl\":\"https:\\\/\\\/tajimaeurope.com\\\/wp-content\\\/uploads\\\/2024\\\/01\\\/machines-broder-professionnelles-differents-types.jpg\",\"datePublished\":\"2024-01-25T16:50:51+00:00\",\"breadcrumb\":{\"@id\":\"https:\\\/\\\/tajimaeurope.com\\\/fr\\\/guide-machines-broder-professionnelles\\\/machines-broder-professionnelles-differents-types\\\/#breadcrumb\"},\"inLanguage\":\"fr-FR\",\"potentialAction\":[{\"@type\":\"ReadAction\",\"target\":[\"https:\\\/\\\/tajimaeurope.com\\\/fr\\\/guide-machines-broder-professionnelles\\\/machines-broder-professionnelles-differents-types\\\/\"]}]},{\"@type\":\"ImageObject\",\"inLanguage\":\"fr-FR\",\"@id\":\"https:\\\/\\\/tajimaeurope.com\\\/fr\\\/guide-machines-broder-professionnelles\\\/machines-broder-professionnelles-differents-types\\\/#primaryimage\",\"url\":\"https:\\\/\\\/tajimaeurope.com\\\/wp-content\\\/uploads\\\/2024\\\/01\\\/machines-broder-professionnelles-differents-types.jpg\",\"contentUrl\":\"https:\\\/\\\/tajimaeurope.com\\\/wp-content\\\/uploads\\\/2024\\\/01\\\/machines-broder-professionnelles-differents-types.jpg\"},{\"@type\":\"BreadcrumbList\",\"@id\":\"https:\\\/\\\/tajimaeurope.com\\\/fr\\\/guide-machines-broder-professionnelles\\\/machines-broder-professionnelles-differents-types\\\/#breadcrumb\",\"itemListElement\":[{\"@type\":\"ListItem\",\"position\":1,\"name\":\"Accueil\",\"item\":\"https:\\\/\\\/tajimaeurope.com\\\/fr\\\/\"},{\"@type\":\"ListItem\",\"position\":2,\"name\":\"Le guide des machines \u00e0 broder professionnelles &#8211; Recap\",\"item\":\"https:\\\/\\\/tajimaeurope.com\\\/fr\\\/guide-machines-broder-professionnelles\\\/\"},{\"@type\":\"ListItem\",\"position\":3,\"name\":\"Quels sont les diff\u00e9rents types de machines \u00e0 broder professionnelles ?\"}]},{\"@type\":\"WebSite\",\"@id\":\"https:\\\/\\\/tajimaeurope.com\\\/fr\\\/#website\",\"url\":\"https:\\\/\\\/tajimaeurope.com\\\/fr\\\/\",\"name\":\"Tajima Europe\",\"description\":\"Les experts outils dans les m\u00e9tiers de la broderie\",\"publisher\":{\"@id\":\"https:\\\/\\\/tajimaeurope.com\\\/fr\\\/#organization\"},\"potentialAction\":[{\"@type\":\"SearchAction\",\"target\":{\"@type\":\"EntryPoint\",\"urlTemplate\":\"https:\\\/\\\/tajimaeurope.com\\\/fr\\\/?s={search_term_string}\"},\"query-input\":{\"@type\":\"PropertyValueSpecification\",\"valueRequired\":true,\"valueName\":\"search_term_string\"}}],\"inLanguage\":\"fr-FR\"},{\"@type\":\"Organization\",\"@id\":\"https:\\\/\\\/tajimaeurope.com\\\/fr\\\/#organization\",\"name\":\"Tajima Europe\",\"url\":\"https:\\\/\\\/tajimaeurope.com\\\/fr\\\/\",\"logo\":{\"@type\":\"ImageObject\",\"inLanguage\":\"fr-FR\",\"@id\":\"https:\\\/\\\/tajimaeurope.com\\\/fr\\\/#\\\/schema\\\/logo\\\/image\\\/\",\"url\":\"https:\\\/\\\/tajimaeurope.com\\\/wp-content\\\/uploads\\\/2020\\\/03\\\/logo-mail.jpg\",\"contentUrl\":\"https:\\\/\\\/tajimaeurope.com\\\/wp-content\\\/uploads\\\/2020\\\/03\\\/logo-mail.jpg\",\"width\":179,\"height\":150,\"caption\":\"Tajima Europe\"},\"image\":{\"@id\":\"https:\\\/\\\/tajimaeurope.com\\\/fr\\\/#\\\/schema\\\/logo\\\/image\\\/\"}}]}<\/script>\n<!-- \/ Yoast SEO plugin. -->","yoast_head_json":{"title":"Quels sont les diff\u00e9rents types de machines \u00e0 broder professionnelles ? - Tajima Europe","robots":{"index":"index","follow":"follow","max-snippet":"max-snippet:-1","max-image-preview":"max-image-preview:large","max-video-preview":"max-video-preview:-1"},"canonical":"https:\/\/tajimaeurope.com\/fr\/guide-machines-broder-professionnelles\/machines-broder-professionnelles-differents-types\/","og_locale":"fr_FR","og_type":"article","og_title":"Quels sont les diff\u00e9rents types de machines \u00e0 broder professionnelles ? - Tajima Europe","og_description":"Le domaine de la broderie est en constante \u00e9volution, avec des innovations qui permettent aux professionnels de r\u00e9aliser des ouvrages d&rsquo;une qualit\u00e9 et d&rsquo;une finesse incomparables. Les machines \u00e0 broder professionnelles se d\u00e9clinent sous diff\u00e9rents types pour r\u00e9pondre aux besoins sp\u00e9cifiques de chaque projet. Parmi ces \u00e9quipements, les machines \u00e0 t\u00eate unique sont pris\u00e9es pour&hellip;&nbsp;Read More &raquo;Quels sont les diff\u00e9rents types de machines \u00e0 broder professionnelles ?","og_url":"https:\/\/tajimaeurope.com\/fr\/guide-machines-broder-professionnelles\/machines-broder-professionnelles-differents-types\/","og_site_name":"Tajima Europe","og_image":[{"url":"https:\/\/tajimaeurope.com\/wp-content\/uploads\/2024\/01\/machines-broder-professionnelles-differents-types.jpg","type":"","width":"","height":""}],"twitter_card":"summary_large_image","twitter_misc":{"Dur\u00e9e de lecture estim\u00e9e":"7 minutes"},"schema":{"@context":"https:\/\/schema.org","@graph":[{"@type":"WebPage","@id":"https:\/\/tajimaeurope.com\/fr\/guide-machines-broder-professionnelles\/machines-broder-professionnelles-differents-types\/","url":"https:\/\/tajimaeurope.com\/fr\/guide-machines-broder-professionnelles\/machines-broder-professionnelles-differents-types\/","name":"Quels sont les diff\u00e9rents types de machines \u00e0 broder professionnelles ? - Tajima Europe","isPartOf":{"@id":"https:\/\/tajimaeurope.com\/fr\/#website"},"primaryImageOfPage":{"@id":"https:\/\/tajimaeurope.com\/fr\/guide-machines-broder-professionnelles\/machines-broder-professionnelles-differents-types\/#primaryimage"},"image":{"@id":"https:\/\/tajimaeurope.com\/fr\/guide-machines-broder-professionnelles\/machines-broder-professionnelles-differents-types\/#primaryimage"},"thumbnailUrl":"https:\/\/tajimaeurope.com\/wp-content\/uploads\/2024\/01\/machines-broder-professionnelles-differents-types.jpg","datePublished":"2024-01-25T16:50:51+00:00","breadcrumb":{"@id":"https:\/\/tajimaeurope.com\/fr\/guide-machines-broder-professionnelles\/machines-broder-professionnelles-differents-types\/#breadcrumb"},"inLanguage":"fr-FR","potentialAction":[{"@type":"ReadAction","target":["https:\/\/tajimaeurope.com\/fr\/guide-machines-broder-professionnelles\/machines-broder-professionnelles-differents-types\/"]}]},{"@type":"ImageObject","inLanguage":"fr-FR","@id":"https:\/\/tajimaeurope.com\/fr\/guide-machines-broder-professionnelles\/machines-broder-professionnelles-differents-types\/#primaryimage","url":"https:\/\/tajimaeurope.com\/wp-content\/uploads\/2024\/01\/machines-broder-professionnelles-differents-types.jpg","contentUrl":"https:\/\/tajimaeurope.com\/wp-content\/uploads\/2024\/01\/machines-broder-professionnelles-differents-types.jpg"},{"@type":"BreadcrumbList","@id":"https:\/\/tajimaeurope.com\/fr\/guide-machines-broder-professionnelles\/machines-broder-professionnelles-differents-types\/#breadcrumb","itemListElement":[{"@type":"ListItem","position":1,"name":"Accueil","item":"https:\/\/tajimaeurope.com\/fr\/"},{"@type":"ListItem","position":2,"name":"Le guide des machines \u00e0 broder professionnelles &#8211; Recap","item":"https:\/\/tajimaeurope.com\/fr\/guide-machines-broder-professionnelles\/"},{"@type":"ListItem","position":3,"name":"Quels sont les diff\u00e9rents types de machines \u00e0 broder professionnelles ?"}]},{"@type":"WebSite","@id":"https:\/\/tajimaeurope.com\/fr\/#website","url":"https:\/\/tajimaeurope.com\/fr\/","name":"Tajima Europe","description":"Les experts outils dans les m\u00e9tiers de la broderie","publisher":{"@id":"https:\/\/tajimaeurope.com\/fr\/#organization"},"potentialAction":[{"@type":"SearchAction","target":{"@type":"EntryPoint","urlTemplate":"https:\/\/tajimaeurope.com\/fr\/?s={search_term_string}"},"query-input":{"@type":"PropertyValueSpecification","valueRequired":true,"valueName":"search_term_string"}}],"inLanguage":"fr-FR"},{"@type":"Organization","@id":"https:\/\/tajimaeurope.com\/fr\/#organization","name":"Tajima Europe","url":"https:\/\/tajimaeurope.com\/fr\/","logo":{"@type":"ImageObject","inLanguage":"fr-FR","@id":"https:\/\/tajimaeurope.com\/fr\/#\/schema\/logo\/image\/","url":"https:\/\/tajimaeurope.com\/wp-content\/uploads\/2020\/03\/logo-mail.jpg","contentUrl":"https:\/\/tajimaeurope.com\/wp-content\/uploads\/2020\/03\/logo-mail.jpg","width":179,"height":150,"caption":"Tajima Europe"},"image":{"@id":"https:\/\/tajimaeurope.com\/fr\/#\/schema\/logo\/image\/"}}]}},"_links":{"self":[{"href":"https:\/\/tajimaeurope.com\/fr\/wp-json\/wp\/v2\/pages\/16995","targetHints":{"allow":["GET"]}}],"collection":[{"href":"https:\/\/tajimaeurope.com\/fr\/wp-json\/wp\/v2\/pages"}],"about":[{"href":"https:\/\/tajimaeurope.com\/fr\/wp-json\/wp\/v2\/types\/page"}],"author":[{"embeddable":true,"href":"https:\/\/tajimaeurope.com\/fr\/wp-json\/wp\/v2\/users\/6"}],"replies":[{"embeddable":true,"href":"https:\/\/tajimaeurope.com\/fr\/wp-json\/wp\/v2\/comments?post=16995"}],"version-history":[{"count":0,"href":"https:\/\/tajimaeurope.com\/fr\/wp-json\/wp\/v2\/pages\/16995\/revisions"}],"up":[{"embeddable":true,"href":"https:\/\/tajimaeurope.com\/fr\/wp-json\/wp\/v2\/pages\/16968"}],"wp:attachment":[{"href":"https:\/\/tajimaeurope.com\/fr\/wp-json\/wp\/v2\/media?parent=16995"}],"curies":[{"name":"wp","href":"https:\/\/api.w.org\/{rel}","templated":true}]}}