{"id":17079,"date":"2024-01-25T17:55:17","date_gmt":"2024-01-25T16:55:17","guid":{"rendered":"https:\/\/tajimaeurope.com\/guide-machines-broder-professionnelles\/machines-broder-professionnelles-guide-depannage-basique\/"},"modified":"2024-01-25T17:55:17","modified_gmt":"2024-01-25T16:55:17","slug":"machines-broder-professionnelles-guide-depannage-basique","status":"publish","type":"page","link":"https:\/\/tajimaeurope.com\/fr\/guide-machines-broder-professionnelles\/machines-broder-professionnelles-guide-depannage-basique\/","title":{"rendered":"Comment effectuer le d\u00e9pannage basique de votre machine \u00e0 broder professionnelle en cas de probl\u00e8me ?"},"content":{"rendered":"<p>L&rsquo;art de la broderie professionnelle exige un savoir-faire certain et un \u00e9quipement adapt\u00e9 dont la p\u00e9renit\u00e9 est essentielle. N\u00e9anmoins, m\u00eame la plus robuste des <a href=\"https:\/\/tajimaeurope.com\/fr\/nos-machines-a-broder\/machines-speciales\/tcmx\/\">machines \u00e0 broder professionnelles<\/a> peut rencontrer des dysfonctionnements. Savoir effectuer le d\u00e9pannage basique est alors un atout majeur pour tout op\u00e9rateur. Ce guide pratique posera les fondations n\u00e9cessaires \u00e0 la compr\u00e9hension des probl\u00e8mes courants et orientera les utilisateurs \u00e0 travers des \u00e9tapes claires pour un diagnostic initial. de plus, il mettra l&rsquo;accent sur l&rsquo;importance de <strong>solutions pr\u00e9ventives<\/strong> et d&rsquo;une <a href=\"https:\/\/tajimaeurope.com\/fr\/guide-machines-broder-professionnelles\/machines-broder-professionnelles-comment-prendre-soin\/\">maintenance r\u00e9guli\u00e8re<\/a> pour minimiser les risques de panne et assurer la long\u00e9vit\u00e9 de l&rsquo;\u00e9quipement. <strong>Une maintenance bien conduite<\/strong> est, apr\u00e8s tout, le gage d&rsquo;un investissement durable et performant.<\/p>\n<p><\/BR><\/p>\n<p><img decoding=\"async\" class=\"img-responsive\" src=\"https:\/\/tajimaeurope.com\/wp-content\/uploads\/2024\/01\/machines-broder-professionnelles-guide-depannage-basique.jpg\" alt =\"Comment effectuer le d\u00e9pannage basique de votre machine \u00e0 broder professionnelle en cas de probl\u00e8me ?\" \/><\/p>\n<h2>Identification des probl\u00e8mes courants des machines \u00e0 broder professionnelles<\/h2>\n<p>Dans l&rsquo;univers de la broderie professionnelle, les machines \u00e0 broder sont des instruments complexes susceptibles de rencontrer diverses difficult\u00e9s au cours de leur utilisation. Pour tirer le meilleur parti de votre machine et \u00e9viter les interruptions de production, il est essentiel d&rsquo;apprendre \u00e0 identifier rapidement les probl\u00e8mes courants et \u00e0 effectuer un d\u00e9pannage basique en cas de panne. Voici une liste des soucis fr\u00e9quemment rencontr\u00e9s par les utilisateurs de machines \u00e0 broder professionnelles :<\/p>\n<h3><strong>Casse ou enchev\u00eatrement du fil<\/strong><\/h3>\n<p>L&rsquo;un des probl\u00e8mes les plus communs lors de l&rsquo;utilisation d&rsquo;une machine \u00e0 broder professionnelle est la casse du fil sup\u00e9rieur ou inf\u00e9rieur pendant la broderie. Cela peut \u00eatre d\u00fb \u00e0 plusieurs facteurs, tels que la tension inappropri\u00e9e du fil, un enfilage incorrect, l&rsquo;utilisation d&rsquo;un fil de mauvaise qualit\u00e9 ou une aiguille us\u00e9e.<\/p>\n<h3><strong>Mauvaise qualit\u00e9 de la broderie<\/strong><\/h3>\n<p>Si vous constatez que la qualit\u00e9 du motif obtenu n&rsquo;est pas satisfaisante, cela peut \u00eatre le signe d&rsquo;un probl\u00e8me dans votre machine. Il peut s&rsquo;agir d&rsquo;une tension inad\u00e9quate des fils, d&rsquo;aiguilles \u00e9mouss\u00e9es ou mal ajust\u00e9es, d&rsquo;un cerclage insuffisant du textile ou encore d&rsquo;erreurs dans le motif num\u00e9rique lui-m\u00eame.<\/p>\n<h3><strong>Bourrage lors de l&rsquo;enfilage<\/strong><\/h3>\n<p>Pendant le processus d&rsquo;enfilage du fil sup\u00e9rieur, il se peut qu&rsquo;il s&#8217;emm\u00eale et se coince dans la machine. Cela peut \u00eatre d\u00fb \u00e0 un enfilage incorrect, \u00e0 une pression insuffisante du pied presseur ou encore \u00e0 un mauvais r\u00e9glage de la tension du fil sup\u00e9rieur.<\/p>\n<h3><strong>Probl\u00e8mes avec les canettes<\/strong><\/h3>\n<p>Les canettes mal plac\u00e9es ou mal enfil\u00e9es peuvent causer des probl\u00e8mes de tension, d&rsquo;entra\u00eenement ou de points rat\u00e9s lors de la broderie. Ces difficult\u00e9s peuvent \u00e9galement r\u00e9sulter d&rsquo;une canette endommag\u00e9e, d&rsquo;un mauvais r\u00e9glage de la tension du fil inf\u00e9rieur ou d&rsquo;un mauvais ajustement du bo\u00eetier de canette.<\/p>\n<h3><strong>Probl\u00e8mes m\u00e9caniques et \u00e9lectroniques<\/strong><\/h3>\n<p>Les machines \u00e0 broder professionnelles sont \u00e9quip\u00e9es de syst\u00e8mes m\u00e9caniques et \u00e9lectroniques qui peuvent rencontrer des dysfonctionnements au fil du temps. Les pannes fr\u00e9quentes incluent celles li\u00e9es aux courroies, aux moteurs, aux capteurs, aux cartes \u00e9lectroniques et aux connecteurs. Il est important d&rsquo;identifier rapidement les probl\u00e8mes pour \u00e9viter des dommages importants.<\/p>\n<p><strong>Faire preuve d&rsquo;une attention particuli\u00e8re<\/strong> pour d\u00e9tecter ces probl\u00e8mes courants vous permettra d&rsquo;intervenir rapidement et efficacement pour assurer le bon fonctionnement de votre machine \u00e0 broder professionnelle et garantir ainsi une production optimale.<\/p>\n<h2>\u00c9tapes pour un diagnostic initial et un d\u00e9pannage basique<\/h2>\n<p>Si vous rencontrez des probl\u00e8mes avec votre machine \u00e0 broder professionnelle, il est important de proc\u00e9der \u00e0 un diagnostic initial et d&rsquo;effectuer quelques d\u00e9pannages basiques avant de faire appel \u00e0 un technicien sp\u00e9cialis\u00e9. Voici les \u00e9tapes \u00e0 suivre pour identifier la source du probl\u00e8me et tenter de le r\u00e9soudre :<\/p>\n<h3>1. V\u00e9rifiez l&rsquo;alimentation \u00e9lectrique<\/h3>\n<p>Assurez-vous que la machine est correctement branch\u00e9e et que l&rsquo;interrupteur d&rsquo;alimentation est en position marche. Si la machine ne s&rsquo;allume pas, v\u00e9rifiez les connexions \u00e9lectriques et changez, \u00e9ventuellement, les fusibles ou testez la prise avec un autre appareil.<\/p>\n<h3>2. Inspectez le placement des fils et des bobines<\/h3>\n<p>V\u00e9rifiez que les fils sont bien enfil\u00e9s selon les instructions du fabricant, que les bobines sont correctement positionn\u00e9es et qu&rsquo;il n&rsquo;y a pas de n\u0153uds ou d&rsquo;enchev\u00eatrements dans le fil.<\/p>\n<h3>3. Contr\u00f4lez la tension du fil<\/h3>\n<p>Un fil trop tendu ou trop rel\u00e2ch\u00e9 peut causer des boucles ou des points l\u00e2ches dans la broderie. Consultez le manuel d&rsquo;utilisation pour ajuster correctement la tension du fil sup\u00e9rieur et inf\u00e9rieur.<\/p>\n<h3>4. Examinez le cadre \u00e0 broder<\/h3>\n<p>V\u00e9rifiez que le cadre \u00e0 broder est bien fix\u00e9 sur la machine et que le tissu y est tendu uniform\u00e9ment. Une mauvaise fixation du cadre ou un tissu mal tendu peut entra\u00eener des broderies d\u00e9cal\u00e9es ou irr\u00e9guli\u00e8res.<\/p>\n<h3>5. Nettoyez et lubrifiez la machine<\/h3>\n<p>Un entretien r\u00e9gulier est essentiel pour le bon fonctionnement de votre machine \u00e0 broder. V\u00e9rifiez qu&rsquo;il n&rsquo;y a pas de poussi\u00e8re, de peluches ou de r\u00e9sidus de fil dans les m\u00e9canismes internes et autour de l&rsquo;aiguille. Appliquez les recommandations du fabricant concernant le nettoyage et la lubrification des diff\u00e9rentes parties mobiles.<\/p>\n<h3>6. \u00c9coutez les bruits inhabituels<\/h3>\n<p>Si vous constatez que la machine \u00e9met des bruits \u00e9tranges, comme des claquements ou des grincements, cela peut indiquer un probl\u00e8me m\u00e9canique potentiel. Arr\u00eatez imm\u00e9diatement la machine et identifiez la source du bruit avant d&rsquo;effectuer une intervention sur les composants concern\u00e9s.<\/p>\n<h3>7. Consultez le manuel d&rsquo;utilisation<\/h3>\n<p>Pour obtenir plus d&rsquo;informations sur votre mod\u00e8le sp\u00e9cifique de machine \u00e0 broder professionnelle et sur les d\u00e9pannages recommand\u00e9s par le fabricant, consultez le manuel d&rsquo;utilisation qui vous guidera \u00e9galement sur les \u00e9tapes \u00e0 suivre si vous ne parvenez pas \u00e0 r\u00e9soudre le probl\u00e8me.<\/p>\n<p>Si, apr\u00e8s avoir suivi ces \u00e9tapes basiques, votre machine \u00e0 broder professionnelle pr\u00e9sente toujours un dysfonctionnement, il est pr\u00e9f\u00e9rable de contacter un technicien certifi\u00e9 ou le service apr\u00e8s-vente du fabricant pour une intervention plus approfondie.<\/p>\n<h2>Pr\u00e9vention et maintenance r\u00e9guli\u00e8re pour \u00e9viter les pannes fr\u00e9quentes<\/h2>\n<p>Une bonne pr\u00e9vention et une maintenance r\u00e9guli\u00e8re sont essentielles pour r\u00e9duire les dysfonctionnements potentiels et prolonger la dur\u00e9e de vie de votre machine \u00e0 broder professionnelle. En adoptant des pratiques d&rsquo;entretien appropri\u00e9es, vous pouvez minimiser les arr\u00eats de production et maintenir un niveau \u00e9lev\u00e9 de performance et de qualit\u00e9. Voici quelques conseils pour entretenir votre machine \u00e0 broder et ainsi \u00e9viter les pannes fr\u00e9quentes :<\/p>\n<h3>Nettoyage r\u00e9gulier<\/h3>\n<p>Un nettoyage r\u00e9gulier est indispensable pour maintenir l&rsquo;efficacit\u00e9 de votre machine \u00e0 broder professionnelle. Assurez-vous de d\u00e9poussi\u00e9rer toutes les parties accessibles, notamment la zone autour du bras, du cadre, des aiguilles et du pied-de-biche. Utilisez une brosse douce ou un chiffon sec pour enlever d\u00e9licatement les r\u00e9sidus de fils et autres d\u00e9bris. Nettoyez \u00e9galement le rail de guidage avec un chiffon l\u00e9g\u00e8rement humide.<\/p>\n<h3>Lubrification<\/h3>\n<p>La lubrification est essentielle au bon fonctionnement des pi\u00e8ces mobiles de votre machine \u00e0 broder. Consultez le manuel du fabricant pour conna\u00eetre les points sp\u00e9cifiques \u00e0 lubrifier, ainsi que le type d&rsquo;huile recommand\u00e9. Assurez-vous d&rsquo;appliquer l&rsquo;huile avec parcimonie aux endroits indiqu\u00e9s afin d&rsquo;\u00e9viter tout exc\u00e8s pouvant entra\u00eener des probl\u00e8mes.<\/p>\n<h3>Changement r\u00e9gulier des aiguilles<\/h3>\n<p>Les aiguilles us\u00e9es ou endommag\u00e9es peuvent causer des probl\u00e8mes de qualit\u00e9 de broderie et m\u00eame endommager votre machine. Changez les aiguilles r\u00e9guli\u00e8rement, en suivant les recommandations du fabricant concernant le type et la taille appropri\u00e9s. Inspectez \u00e9galement les aiguilles pour d\u00e9tecter toute d\u00e9formation ou usure en cours d&rsquo;utilisation.<\/p>\n<h3>V\u00e9rification des tensions de fil<\/h3>\n<p>Les tensions de fil inappropri\u00e9es peuvent entra\u00eener une mauvaise qualit\u00e9 de broderie et des probl\u00e8mes m\u00e9caniques. Assurez-vous que les fils sup\u00e9rieur et inf\u00e9rieur sont correctement ajust\u00e9s selon les instructions du fabricant. V\u00e9rifiez r\u00e9guli\u00e8rement l&rsquo;\u00e9quilibre entre les tensions pendant l&rsquo;utilisation pour \u00e9viter tout probl\u00e8me.<\/p>\n<h3>Mises \u00e0 jour logicielles<\/h3>\n<p>Assurez-vous que le logiciel de votre machine \u00e0 broder est toujours \u00e0 jour en t\u00e9l\u00e9chargeant et en installant r\u00e9guli\u00e8rement les mises \u00e0 jour fournies par le fabricant. Les mises \u00e0 jour peuvent comprendre des correctifs pour d&rsquo;\u00e9ventuels probl\u00e8mes, ainsi que des nouvelles fonctionnalit\u00e9s ou am\u00e9liorations de performance.<\/p>\n<h3>Inspection p\u00e9riodique par un technicien qualifi\u00e9<\/h3>\n<p>Bien qu&rsquo;une maintenance pr\u00e9ventive r\u00e9guli\u00e8re soit essentielle, il est \u00e9galement recommand\u00e9 de faire inspecter votre machine par un technicien qualifi\u00e9 au moins une fois par an. Un professionnel saura d\u00e9tecter d&rsquo;\u00e9ventuelles anomalies, corriger les r\u00e9glages internes si n\u00e9cessaire et garantir le bon fonctionnement \u00e0 long terme de la machine.<\/p>\n<p>En somme, une attention constante et un entretien r\u00e9gulier de votre machine \u00e0 broder professionnelle permettent d&rsquo;\u00e9viter les pannes fr\u00e9quentes. En adoptant ces bonnes pratiques, vous contribuerez non seulement \u00e0 la pr\u00e9servation de l&rsquo;\u00e9quipement, mais \u00e9galement \u00e0 la qualit\u00e9 et \u00e0 l&rsquo;efficacit\u00e9 de vos projets de broderie.<\/p>\n<p><\/BR><\/p>\n<p><em>Nous vous recommandons ces autres pages : <\/em><\/p>\n<ul>\n<li style=\"list-style-type: none;\">\n<li><a href=\"https:\/\/tajimaeurope.com\/fr\/guide-machines-broder-professionnelles\/machines-broder-professionnelles-types-pannes-courantes\/\">Types de pannes courantes sur une machine \u00e0 broder professionnelle<\/a><\/li>\n<li><a href=\"https:\/\/tajimaeurope.com\/fr\/guide-machines-broder-professionnelles\/machines-broder-professionnelles-comment-recycler-eliminer\/\">Comment recycler ou \u00e9liminer une machine \u00e0 broder professionnelle en fin de vie ?<\/a><\/li>\n<li><a href=\"https:\/\/tajimaeurope.com\/fr\/guide-machines-broder-professionnelles\/machines-broder-professionnelles-fil-qualite\/\">Quel type de fil utiliser pour maximiser la qualit\u00e9 de la broderie avec une machine \u00e0 broder professionnelle ?<\/a><\/li>\n<li><a href=\"https:\/\/tajimaeurope.com\/fr\/guide-machines-broder-professionnelles\/machines-broder-professionnelles-comment-former\/\">Comment se former \u00e0 l&rsquo;utilisation d&rsquo;une machine \u00e0 broder professionnelle ?<\/a><\/li>\n<li><a href=\"https:\/\/tajimaeurope.com\/fr\/guide-machines-broder-professionnelles\/machines-broder-professionnelles-materiaux-compatibles\/\">Mat\u00e9riaux compatibles avec une machine \u00e0 broder professionnelle<\/a><\/li>\n<\/ul>\n","protected":false},"excerpt":{"rendered":"<p>L&rsquo;art de la broderie professionnelle exige un savoir-faire certain et un \u00e9quipement adapt\u00e9 dont la p\u00e9renit\u00e9 est essentielle. N\u00e9anmoins, m\u00eame la plus robuste des machines \u00e0 broder professionnelles peut rencontrer des dysfonctionnements. Savoir effectuer le d\u00e9pannage basique est alors un atout majeur pour tout op\u00e9rateur. Ce guide pratique posera les fondations n\u00e9cessaires \u00e0 la compr\u00e9hension&hellip;&nbsp;<a href=\"https:\/\/tajimaeurope.com\/fr\/guide-machines-broder-professionnelles\/machines-broder-professionnelles-guide-depannage-basique\/\" rel=\"bookmark\">Read More &raquo;<span class=\"screen-reader-text\">Comment effectuer le d\u00e9pannage basique de votre machine \u00e0 broder professionnelle en cas de probl\u00e8me ?<\/span><\/a><\/p>\n","protected":false},"author":6,"featured_media":0,"parent":16968,"menu_order":0,"comment_status":"closed","ping_status":"closed","template":"","meta":{"_acf_changed":false,"neve_meta_sidebar":"","neve_meta_container":"","neve_meta_enable_content_width":"","neve_meta_content_width":0,"neve_meta_title_alignment":"","neve_meta_author_avatar":"","neve_post_elements_order":"","neve_meta_disable_header":"","neve_meta_disable_footer":"","neve_meta_disable_title":"","neve_meta_reading_time":"","footnotes":""},"class_list":["post-17079","page","type-page","status-publish","hentry"],"acf":[],"yoast_head":"<!-- This site is optimized with the Yoast SEO plugin v27.2 - https:\/\/yoast.com\/product\/yoast-seo-wordpress\/ -->\n<title>Comment effectuer le d\u00e9pannage basique de votre machine \u00e0 broder professionnelle en cas de probl\u00e8me ? - Tajima Europe<\/title>\n<meta name=\"robots\" content=\"index, follow, max-snippet:-1, max-image-preview:large, max-video-preview:-1\" \/>\n<link rel=\"canonical\" href=\"https:\/\/tajimaeurope.com\/fr\/guide-machines-broder-professionnelles\/machines-broder-professionnelles-guide-depannage-basique\/\" \/>\n<meta property=\"og:locale\" content=\"fr_FR\" \/>\n<meta property=\"og:type\" content=\"article\" \/>\n<meta property=\"og:title\" content=\"Comment effectuer le d\u00e9pannage basique de votre machine \u00e0 broder professionnelle en cas de probl\u00e8me ? - Tajima Europe\" \/>\n<meta property=\"og:description\" content=\"L&rsquo;art de la broderie professionnelle exige un savoir-faire certain et un \u00e9quipement adapt\u00e9 dont la p\u00e9renit\u00e9 est essentielle. N\u00e9anmoins, m\u00eame la plus robuste des machines \u00e0 broder professionnelles peut rencontrer des dysfonctionnements. Savoir effectuer le d\u00e9pannage basique est alors un atout majeur pour tout op\u00e9rateur. Ce guide pratique posera les fondations n\u00e9cessaires \u00e0 la compr\u00e9hension&hellip;&nbsp;Read More &raquo;Comment effectuer le d\u00e9pannage basique de votre machine \u00e0 broder professionnelle en cas de probl\u00e8me ?\" \/>\n<meta property=\"og:url\" content=\"https:\/\/tajimaeurope.com\/fr\/guide-machines-broder-professionnelles\/machines-broder-professionnelles-guide-depannage-basique\/\" \/>\n<meta property=\"og:site_name\" content=\"Tajima Europe\" \/>\n<meta property=\"og:image\" content=\"https:\/\/tajimaeurope.com\/wp-content\/uploads\/2024\/01\/machines-broder-professionnelles-guide-depannage-basique.jpg\" \/>\n<meta name=\"twitter:card\" content=\"summary_large_image\" \/>\n<meta name=\"twitter:label1\" content=\"Dur\u00e9e de lecture estim\u00e9e\" \/>\n\t<meta name=\"twitter:data1\" content=\"8 minutes\" \/>\n<script type=\"application\/ld+json\" class=\"yoast-schema-graph\">{\"@context\":\"https:\/\/schema.org\",\"@graph\":[{\"@type\":\"WebPage\",\"@id\":\"https:\/\/tajimaeurope.com\/fr\/guide-machines-broder-professionnelles\/machines-broder-professionnelles-guide-depannage-basique\/\",\"url\":\"https:\/\/tajimaeurope.com\/fr\/guide-machines-broder-professionnelles\/machines-broder-professionnelles-guide-depannage-basique\/\",\"name\":\"Comment effectuer le d\u00e9pannage basique de votre machine \u00e0 broder professionnelle en cas de probl\u00e8me ? - Tajima Europe\",\"isPartOf\":{\"@id\":\"https:\/\/tajimaeurope.com\/fr\/#website\"},\"primaryImageOfPage\":{\"@id\":\"https:\/\/tajimaeurope.com\/fr\/guide-machines-broder-professionnelles\/machines-broder-professionnelles-guide-depannage-basique\/#primaryimage\"},\"image\":{\"@id\":\"https:\/\/tajimaeurope.com\/fr\/guide-machines-broder-professionnelles\/machines-broder-professionnelles-guide-depannage-basique\/#primaryimage\"},\"thumbnailUrl\":\"https:\/\/tajimaeurope.com\/wp-content\/uploads\/2024\/01\/machines-broder-professionnelles-guide-depannage-basique.jpg\",\"datePublished\":\"2024-01-25T16:55:17+00:00\",\"breadcrumb\":{\"@id\":\"https:\/\/tajimaeurope.com\/fr\/guide-machines-broder-professionnelles\/machines-broder-professionnelles-guide-depannage-basique\/#breadcrumb\"},\"inLanguage\":\"fr-FR\",\"potentialAction\":[{\"@type\":\"ReadAction\",\"target\":[\"https:\/\/tajimaeurope.com\/fr\/guide-machines-broder-professionnelles\/machines-broder-professionnelles-guide-depannage-basique\/\"]}]},{\"@type\":\"ImageObject\",\"inLanguage\":\"fr-FR\",\"@id\":\"https:\/\/tajimaeurope.com\/fr\/guide-machines-broder-professionnelles\/machines-broder-professionnelles-guide-depannage-basique\/#primaryimage\",\"url\":\"https:\/\/tajimaeurope.com\/wp-content\/uploads\/2024\/01\/machines-broder-professionnelles-guide-depannage-basique.jpg\",\"contentUrl\":\"https:\/\/tajimaeurope.com\/wp-content\/uploads\/2024\/01\/machines-broder-professionnelles-guide-depannage-basique.jpg\"},{\"@type\":\"BreadcrumbList\",\"@id\":\"https:\/\/tajimaeurope.com\/fr\/guide-machines-broder-professionnelles\/machines-broder-professionnelles-guide-depannage-basique\/#breadcrumb\",\"itemListElement\":[{\"@type\":\"ListItem\",\"position\":1,\"name\":\"Accueil\",\"item\":\"https:\/\/tajimaeurope.com\/fr\/\"},{\"@type\":\"ListItem\",\"position\":2,\"name\":\"Le guide des machines \u00e0 broder professionnelles &#8211; Recap\",\"item\":\"https:\/\/tajimaeurope.com\/fr\/guide-machines-broder-professionnelles\/\"},{\"@type\":\"ListItem\",\"position\":3,\"name\":\"Comment effectuer le d\u00e9pannage basique de votre machine \u00e0 broder professionnelle en cas de probl\u00e8me ?\"}]},{\"@type\":\"WebSite\",\"@id\":\"https:\/\/tajimaeurope.com\/fr\/#website\",\"url\":\"https:\/\/tajimaeurope.com\/fr\/\",\"name\":\"Tajima Europe\",\"description\":\"Les experts outils dans les m\u00e9tiers de la broderie\",\"publisher\":{\"@id\":\"https:\/\/tajimaeurope.com\/fr\/#organization\"},\"potentialAction\":[{\"@type\":\"SearchAction\",\"target\":{\"@type\":\"EntryPoint\",\"urlTemplate\":\"https:\/\/tajimaeurope.com\/fr\/?s={search_term_string}\"},\"query-input\":{\"@type\":\"PropertyValueSpecification\",\"valueRequired\":true,\"valueName\":\"search_term_string\"}}],\"inLanguage\":\"fr-FR\"},{\"@type\":\"Organization\",\"@id\":\"https:\/\/tajimaeurope.com\/fr\/#organization\",\"name\":\"Tajima Europe\",\"url\":\"https:\/\/tajimaeurope.com\/fr\/\",\"logo\":{\"@type\":\"ImageObject\",\"inLanguage\":\"fr-FR\",\"@id\":\"https:\/\/tajimaeurope.com\/fr\/#\/schema\/logo\/image\/\",\"url\":\"https:\/\/tajimaeurope.com\/wp-content\/uploads\/2020\/03\/logo-mail.jpg\",\"contentUrl\":\"https:\/\/tajimaeurope.com\/wp-content\/uploads\/2020\/03\/logo-mail.jpg\",\"width\":179,\"height\":150,\"caption\":\"Tajima Europe\"},\"image\":{\"@id\":\"https:\/\/tajimaeurope.com\/fr\/#\/schema\/logo\/image\/\"}}]}<\/script>\n<!-- \/ Yoast SEO plugin. -->","yoast_head_json":{"title":"Comment effectuer le d\u00e9pannage basique de votre machine \u00e0 broder professionnelle en cas de probl\u00e8me ? - Tajima Europe","robots":{"index":"index","follow":"follow","max-snippet":"max-snippet:-1","max-image-preview":"max-image-preview:large","max-video-preview":"max-video-preview:-1"},"canonical":"https:\/\/tajimaeurope.com\/fr\/guide-machines-broder-professionnelles\/machines-broder-professionnelles-guide-depannage-basique\/","og_locale":"fr_FR","og_type":"article","og_title":"Comment effectuer le d\u00e9pannage basique de votre machine \u00e0 broder professionnelle en cas de probl\u00e8me ? - Tajima Europe","og_description":"L&rsquo;art de la broderie professionnelle exige un savoir-faire certain et un \u00e9quipement adapt\u00e9 dont la p\u00e9renit\u00e9 est essentielle. N\u00e9anmoins, m\u00eame la plus robuste des machines \u00e0 broder professionnelles peut rencontrer des dysfonctionnements. Savoir effectuer le d\u00e9pannage basique est alors un atout majeur pour tout op\u00e9rateur. Ce guide pratique posera les fondations n\u00e9cessaires \u00e0 la compr\u00e9hension&hellip;&nbsp;Read More &raquo;Comment effectuer le d\u00e9pannage basique de votre machine \u00e0 broder professionnelle en cas de probl\u00e8me ?","og_url":"https:\/\/tajimaeurope.com\/fr\/guide-machines-broder-professionnelles\/machines-broder-professionnelles-guide-depannage-basique\/","og_site_name":"Tajima Europe","og_image":[{"url":"https:\/\/tajimaeurope.com\/wp-content\/uploads\/2024\/01\/machines-broder-professionnelles-guide-depannage-basique.jpg","type":"","width":"","height":""}],"twitter_card":"summary_large_image","twitter_misc":{"Dur\u00e9e de lecture estim\u00e9e":"8 minutes"},"schema":{"@context":"https:\/\/schema.org","@graph":[{"@type":"WebPage","@id":"https:\/\/tajimaeurope.com\/fr\/guide-machines-broder-professionnelles\/machines-broder-professionnelles-guide-depannage-basique\/","url":"https:\/\/tajimaeurope.com\/fr\/guide-machines-broder-professionnelles\/machines-broder-professionnelles-guide-depannage-basique\/","name":"Comment effectuer le d\u00e9pannage basique de votre machine \u00e0 broder professionnelle en cas de probl\u00e8me ? - Tajima Europe","isPartOf":{"@id":"https:\/\/tajimaeurope.com\/fr\/#website"},"primaryImageOfPage":{"@id":"https:\/\/tajimaeurope.com\/fr\/guide-machines-broder-professionnelles\/machines-broder-professionnelles-guide-depannage-basique\/#primaryimage"},"image":{"@id":"https:\/\/tajimaeurope.com\/fr\/guide-machines-broder-professionnelles\/machines-broder-professionnelles-guide-depannage-basique\/#primaryimage"},"thumbnailUrl":"https:\/\/tajimaeurope.com\/wp-content\/uploads\/2024\/01\/machines-broder-professionnelles-guide-depannage-basique.jpg","datePublished":"2024-01-25T16:55:17+00:00","breadcrumb":{"@id":"https:\/\/tajimaeurope.com\/fr\/guide-machines-broder-professionnelles\/machines-broder-professionnelles-guide-depannage-basique\/#breadcrumb"},"inLanguage":"fr-FR","potentialAction":[{"@type":"ReadAction","target":["https:\/\/tajimaeurope.com\/fr\/guide-machines-broder-professionnelles\/machines-broder-professionnelles-guide-depannage-basique\/"]}]},{"@type":"ImageObject","inLanguage":"fr-FR","@id":"https:\/\/tajimaeurope.com\/fr\/guide-machines-broder-professionnelles\/machines-broder-professionnelles-guide-depannage-basique\/#primaryimage","url":"https:\/\/tajimaeurope.com\/wp-content\/uploads\/2024\/01\/machines-broder-professionnelles-guide-depannage-basique.jpg","contentUrl":"https:\/\/tajimaeurope.com\/wp-content\/uploads\/2024\/01\/machines-broder-professionnelles-guide-depannage-basique.jpg"},{"@type":"BreadcrumbList","@id":"https:\/\/tajimaeurope.com\/fr\/guide-machines-broder-professionnelles\/machines-broder-professionnelles-guide-depannage-basique\/#breadcrumb","itemListElement":[{"@type":"ListItem","position":1,"name":"Accueil","item":"https:\/\/tajimaeurope.com\/fr\/"},{"@type":"ListItem","position":2,"name":"Le guide des machines \u00e0 broder professionnelles &#8211; Recap","item":"https:\/\/tajimaeurope.com\/fr\/guide-machines-broder-professionnelles\/"},{"@type":"ListItem","position":3,"name":"Comment effectuer le d\u00e9pannage basique de votre machine \u00e0 broder professionnelle en cas de probl\u00e8me ?"}]},{"@type":"WebSite","@id":"https:\/\/tajimaeurope.com\/fr\/#website","url":"https:\/\/tajimaeurope.com\/fr\/","name":"Tajima Europe","description":"Les experts outils dans les m\u00e9tiers de la broderie","publisher":{"@id":"https:\/\/tajimaeurope.com\/fr\/#organization"},"potentialAction":[{"@type":"SearchAction","target":{"@type":"EntryPoint","urlTemplate":"https:\/\/tajimaeurope.com\/fr\/?s={search_term_string}"},"query-input":{"@type":"PropertyValueSpecification","valueRequired":true,"valueName":"search_term_string"}}],"inLanguage":"fr-FR"},{"@type":"Organization","@id":"https:\/\/tajimaeurope.com\/fr\/#organization","name":"Tajima Europe","url":"https:\/\/tajimaeurope.com\/fr\/","logo":{"@type":"ImageObject","inLanguage":"fr-FR","@id":"https:\/\/tajimaeurope.com\/fr\/#\/schema\/logo\/image\/","url":"https:\/\/tajimaeurope.com\/wp-content\/uploads\/2020\/03\/logo-mail.jpg","contentUrl":"https:\/\/tajimaeurope.com\/wp-content\/uploads\/2020\/03\/logo-mail.jpg","width":179,"height":150,"caption":"Tajima Europe"},"image":{"@id":"https:\/\/tajimaeurope.com\/fr\/#\/schema\/logo\/image\/"}}]}},"_links":{"self":[{"href":"https:\/\/tajimaeurope.com\/fr\/wp-json\/wp\/v2\/pages\/17079","targetHints":{"allow":["GET"]}}],"collection":[{"href":"https:\/\/tajimaeurope.com\/fr\/wp-json\/wp\/v2\/pages"}],"about":[{"href":"https:\/\/tajimaeurope.com\/fr\/wp-json\/wp\/v2\/types\/page"}],"author":[{"embeddable":true,"href":"https:\/\/tajimaeurope.com\/fr\/wp-json\/wp\/v2\/users\/6"}],"replies":[{"embeddable":true,"href":"https:\/\/tajimaeurope.com\/fr\/wp-json\/wp\/v2\/comments?post=17079"}],"version-history":[{"count":0,"href":"https:\/\/tajimaeurope.com\/fr\/wp-json\/wp\/v2\/pages\/17079\/revisions"}],"up":[{"embeddable":true,"href":"https:\/\/tajimaeurope.com\/fr\/wp-json\/wp\/v2\/pages\/16968"}],"wp:attachment":[{"href":"https:\/\/tajimaeurope.com\/fr\/wp-json\/wp\/v2\/media?parent=17079"}],"curies":[{"name":"wp","href":"https:\/\/api.w.org\/{rel}","templated":true}]}}