{"id":17365,"date":"2024-02-16T13:51:21","date_gmt":"2024-02-16T12:51:21","guid":{"rendered":"https:\/\/tajimaeurope.com\/guide-machine-broder-industrielle\/"},"modified":"2025-05-19T13:38:38","modified_gmt":"2025-05-19T11:38:38","slug":"guide-machine-broder-industrielle","status":"publish","type":"page","link":"https:\/\/tajimaeurope.com\/fr\/guide-machine-broder-industrielle\/","title":{"rendered":"Tout savoir sur les machines \u00e0 broder industrielles &#8211; Recap"},"content":{"rendered":"<p><H1><a href = \"https:\/\/tajimaeurope.com\/fr\/guide-machine-broder-industrielle\/machine-broder-industrielle-guide-complet-modeles-usages\/\">Tout savoir sur les machines \u00e0 broder industrielles<\/a><\/H1><H2><a href = \"https:\/\/tajimaeurope.com\/fr\/guide-machine-broder-industrielle\/machine-broder-industrielle-evolution-innovations-technologiques\/\">\u00c9volution des machines \u00e0 broder industrielles<\/a><\/H2><\/p>\n<p><strong><a href = \"https:\/\/tajimaeurope.com\/fr\/guide-machine-broder-industrielle\/machine-broder-industrielle-ameliorations-technologiques-expliquees\/\">Comment le d\u00e9veloppement technologique a-t-il am\u00e9lior\u00e9 les machines \u00e0 broder industrielles ? <\/strong><\/a><\/p>\n<p><strong><a href = \"https:\/\/tajimaeurope.com\/fr\/guide-machine-broder-industrielle\/machine-broder-industrielle-evolution-conception-fil-ans\/\">Quels sont les changements significatifs dans la conception des machines \u00e0 broder industrielles au fil des ann\u00e9es ?<\/strong><\/a><\/p>\n<p><strong><a href = \"https:\/\/tajimaeurope.com\/fr\/guide-machine-broder-industrielle\/machine-broder-industrielle-evolution-materiaux-utilises\/\">Quelle a \u00e9t\u00e9 l&rsquo;\u00e9volution des mat\u00e9riaux utilis\u00e9s dans les machines \u00e0 broder industrielles ?<\/strong><\/a><\/p>\n<p><strong><a href = \"https:\/\/tajimaeurope.com\/fr\/guide-machine-broder-industrielle\/machine-broder-industrielle-influence-industrie-mode\/\">Comment l&rsquo;\u00e9volution des machines \u00e0 broder industrielles a-t-elle influenc\u00e9 l&rsquo;industrie de la mode ?<\/strong><\/a><\/p>\n<p><strong><a href = \"https:\/\/tajimaeurope.com\/fr\/guide-machine-broder-industrielle\/machine-broder-industrielle-comment-innovations-ont-change-fonctionnalite\/\">Comment les innovations technologiques ont-elles chang\u00e9 la fonctionnalit\u00e9 des machines \u00e0 broder industrielles ?<\/strong><\/a><\/p>\n<p><a href = \"https:\/\/tajimaeurope.com\/fr\/guide-machine-broder-industrielle\/machine-broder-industrielle-impact-productivite\/\">Quel impact a eu l&rsquo;\u00e9volution des machines \u00e0 broder industrielles sur la productivit\u00e9 ?<\/a><\/p>\n<p><a href = \"https:\/\/tajimaeurope.com\/fr\/guide-machine-broder-industrielle\/machine-broder-industrielle-progres-technologiques-recents\/\">Progr\u00e8s technologiques r\u00e9cents dans les machines \u00e0 broder industrielles<\/a><\/p>\n<p><strong><a href = \"https:\/\/tajimaeurope.com\/fr\/guide-machine-broder-industrielle\/machine-broder-industrielle-defis-evolution\/\">Quels sont les d\u00e9fis rencontr\u00e9s lors de l&rsquo;\u00e9volution des machines \u00e0 broder industrielles ?<\/strong><\/a><\/p>\n<p><H2><a href = \"https:\/\/tajimaeurope.com\/fr\/guide-machine-broder-industrielle\/machine-broder-industrielle-comment-fonctionne\/\">Comment fonctionne une machine \u00e0 broder industrielle ?<\/a><\/H2><\/p>\n<p><strong><a href = \"https:\/\/tajimaeurope.com\/fr\/guide-machine-broder-industrielle\/machine-broder-industrielle-composants-cles-expliques\/\">Les composants principaux d&rsquo;une machine \u00e0 broder industrielle<\/strong><\/a><\/p>\n<p><strong><a href = \"https:\/\/tajimaeurope.com\/fr\/guide-machine-broder-industrielle\/machine-broder-industrielle-facteurs-cles-optimiser-rendement\/\">Quels sont les facteurs d\u00e9terminants dans le rendement d&rsquo;une machine \u00e0 broder industrielle ?<\/strong><\/a><\/p>\n<p><H2><a href = \"https:\/\/tajimaeurope.com\/fr\/guide-machine-broder-industrielle\/machine-broder-industrielle-criteres-choix-essentiels\/\">Les crit\u00e8res de choix d&rsquo;une machine \u00e0 broder industrielle<\/a><\/H2><\/p>\n<p><strong><a href = \"https:\/\/tajimaeurope.com\/fr\/guide-machine-broder-industrielle\/machine-broder-industrielle-comprendre-nombre-tetes\/\">Qu&rsquo;est-ce que le nombre de t\u00eates dans une machine \u00e0 broder industrielle ?<\/strong><\/a><\/p>\n<p><strong><a href = \"https:\/\/tajimaeurope.com\/fr\/guide-machine-broder-industrielle\/machine-broder-industrielle-aspects-considerer-achat\/\">Quels sont les aspects \u00e0 consid\u00e9rer lors de l&rsquo;achat d&rsquo;une machine \u00e0 broder industrielle ?<\/strong><\/a><\/p>\n<p><strong><a href = \"https:\/\/tajimaeurope.com\/fr\/guide-machine-broder-industrielle\/machine-broder-industrielle-verifier-compatibilite-tissus\/\">Comment v\u00e9rifier la compatibilit\u00e9 d&rsquo;une machine \u00e0 broder industrielle avec diff\u00e9rents types de tissus ?<\/strong><\/a><\/p>\n<p><strong><a href = \"https:\/\/tajimaeurope.com\/fr\/guide-machine-broder-industrielle\/machine-broder-industrielle-impact-taille-poids-efficacite\/\">Comment la taille et le poids de la machine \u00e0 broder industrielle affectent-ils son efficacit\u00e9 ?<\/strong><\/a><\/p>\n<p><strong><a href = \"https:\/\/tajimaeurope.com\/fr\/guide-machine-broder-industrielle\/machine-broder-industrielle-facteurs-production-considerer\/\">Les facteurs de production \u00e0 consid\u00e9rer lors du choix d&rsquo;une machine \u00e0 broder industrielle<\/strong><\/a><\/p>\n<p><strong><a href = \"https:\/\/tajimaeurope.com\/fr\/guide-machine-broder-industrielle\/machine-broder-industrielle-influence-caracteristiques-choix\/\">Comment les caract\u00e9ristiques techniques d&rsquo;une machine \u00e0 broder industrielle influencent-elles le choix ?<\/strong><\/a><\/p>\n<p><strong><a href = \"https:\/\/tajimaeurope.com\/fr\/guide-machine-broder-industrielle\/machine-broder-industrielle-influence-prix-choix\/\">L&rsquo;influence du prix dans le choix d&rsquo;une machine \u00e0 broder industrielle<\/strong><\/a><\/p>\n<p><strong><a href = \"https:\/\/tajimaeurope.com\/fr\/guide-machine-broder-industrielle\/machine-broder-industrielle-impact-marque-choix\/\">Quel r\u00f4le joue la marque dans le choix d&rsquo;une machine \u00e0 broder industrielle ?<\/strong><\/a><\/p>\n<p><strong><a href = \"https:\/\/tajimaeurope.com\/fr\/guide-machine-broder-industrielle\/machine-broder-industrielle-impact-cout-exploitation-achat\/\">Comment le co\u00fbt d&rsquo;exploitation d&rsquo;une machine \u00e0 broder industrielle affecte-t-il le choix d&rsquo;achat ?<\/strong><\/a><\/p>\n<p><strong><a href = \"https:\/\/tajimaeurope.com\/fr\/guide-machine-broder-industrielle\/machine-broder-industrielle-importance-service-apres-vente\/\">Quelle est l&rsquo;importance du service apr\u00e8s-vente lors du choix d&rsquo;une machine \u00e0 broder industrielle ?<\/strong><\/a><\/p>\n<p><H2><a href = \"https:\/\/tajimaeurope.com\/fr\/guide-machine-broder-industrielle\/machine-broder-industrielle-erreurs-courantes-eviter\/\">Les erreurs \u00e0 \u00e9viter en utilisant une machine \u00e0 broder industrielle<\/a><\/H2><\/p>\n<p><strong><a href = \"https:\/\/tajimaeurope.com\/fr\/guide-machine-broder-industrielle\/machine-broder-industrielle-parametres-regler\/\">Quels sont les param\u00e8tres \u00e0 r\u00e9gler sur une machine \u00e0 broder industrielle ?<\/strong><\/a><\/p>\n<p><strong><a href = \"https:\/\/tajimaeurope.com\/fr\/guide-machine-broder-industrielle\/machine-broder-industrielle-eviter-casse-fil-efficacement\/\">Comment \u00e9viter la casse du fil dans une machine \u00e0 broder industrielle ?<\/strong><\/a><\/p>\n<p><strong><a href = \"https:\/\/tajimaeurope.com\/fr\/guide-machine-broder-industrielle\/machine-broder-industrielle-comment-corriger-erreurs-broderie\/\">Comment corriger les erreurs de broderie sur une machine \u00e0 broder industrielle ?<\/strong><\/a><\/p>\n<p><strong><a href = \"https:\/\/tajimaeurope.com\/fr\/guide-machine-broder-industrielle\/machine-broder-industrielle-comment-eviter-surcharge-travail\/\">Comment \u00e9viter la surcharge de travail pour une machine \u00e0 broder industrielle ?<\/strong><\/a><\/p>\n<p><H2><a href = \"https:\/\/tajimaeurope.com\/fr\/guide-machine-broder-industrielle\/machine-broder-industrielle-conseils-maintenance-entretien\/\">Maintenance et entretien d&rsquo;une machine \u00e0 broder industrielle<\/a><\/H2><\/p>\n<p><strong><a href = \"https:\/\/tajimaeurope.com\/fr\/guide-machine-broder-industrielle\/machine-broder-industrielle-importance-maintenance\/\">Quelle est l&rsquo;importance de la maintenance d&rsquo;une machine \u00e0 broder industrielle ?<\/strong><\/a><\/p>\n<p><strong><a href = \"https:\/\/tajimaeurope.com\/fr\/guide-machine-broder-industrielle\/machine-broder-industrielle-resoudre-problemes-courants\/\">Comment r\u00e9soudre les probl\u00e8mes courants d&rsquo;une machine \u00e0 broder industrielle ?<\/strong><\/a><\/p>\n<p><strong><a href = \"https:\/\/tajimaeurope.com\/fr\/guide-machine-broder-industrielle\/machine-broder-industrielle-etapes-cles-maintenance-preventive\/\">Principales \u00e9tapes de la maintenance pr\u00e9ventive d&rsquo;une machine \u00e0 broder industrielle<\/strong><\/a><\/p>\n<p><strong><a href = \"https:\/\/tajimaeurope.com\/fr\/guide-machine-broder-industrielle\/machine-broder-industrielle-comment-nettoyer-efficacement\/\">Comment nettoyer une machine \u00e0 broder industrielle ?<\/strong><\/a><\/p>\n<p><strong><a href = \"https:\/\/tajimaeurope.com\/fr\/guide-machine-broder-industrielle\/machine-broder-industrielle-produits-recommandes-nettoyage\/\">Quels sont les produits recommand\u00e9s pour le nettoyage d&rsquo;une machine \u00e0 broder industrielle ?<\/strong><\/a><\/p>\n<p><strong><a href = \"https:\/\/tajimaeurope.com\/fr\/guide-machine-broder-industrielle\/machine-broder-industrielle-huilage-comment-pourquoi\/\">L&rsquo;huilage d&rsquo;une machine \u00e0 broder industrielle : comment, quand et pourquoi ?<\/strong><\/a><\/p>\n<p><strong><a href = \"https:\/\/tajimaeurope.com\/fr\/guide-machine-broder-industrielle\/machine-broder-industrielle-remplacer-pieces-defectueuses\/\">Comment remplacer les pi\u00e8ces d\u00e9fectueuses sur une machine \u00e0 broder industrielle ?<\/strong><\/a><\/p>\n<p><H2><a href = \"https:\/\/tajimaeurope.com\/fr\/guide-machine-broder-industrielle\/machine-broder-industrielle-comment-rentabiliser-machine\/\">Comment rentabiliser sa machine \u00e0 broder industrielle ?<\/a><\/H2><\/p>\n<p><strong><a href = \"https:\/\/tajimaeurope.com\/fr\/guide-machine-broder-industrielle\/machine-broder-industrielle-facteurs-cles-rendement\/\">Quels sont les facteurs d\u00e9terminants dans le rendement d&rsquo;une machine \u00e0 broder industrielle ?<\/strong><\/a><\/p>\n<p><strong><a href = \"https:\/\/tajimaeurope.com\/fr\/guide-machine-broder-industrielle\/machine-broder-industrielle-optimiser-usage-plus-production\/\">Comment optimiser l&rsquo;utilisation d&rsquo;une machine \u00e0 broder industrielle pour une production maximale ?<\/strong><\/a><\/p>\n<p><strong><a href = \"https:\/\/tajimaeurope.com\/fr\/guide-machine-broder-industrielle\/machine-broder-industrielle-comment-former-efficacement-personnel\/\">Comment former efficacement le personnel \u00e0 l&rsquo;utilisation d&rsquo;une machine \u00e0 broder industrielle ?<\/strong><\/a><\/p>\n","protected":false},"excerpt":{"rendered":"<p>Tout savoir sur les machines \u00e0 broder industrielles\u00c9volution des machines \u00e0 broder industrielles Comment le d\u00e9veloppement technologique a-t-il am\u00e9lior\u00e9 les machines \u00e0 broder industrielles ? Quels sont les changements significatifs dans la conception des machines \u00e0 broder industrielles au fil des ann\u00e9es ? Quelle a \u00e9t\u00e9 l&rsquo;\u00e9volution des mat\u00e9riaux utilis\u00e9s dans les machines \u00e0 broder&hellip;&nbsp;<a href=\"https:\/\/tajimaeurope.com\/fr\/guide-machine-broder-industrielle\/\" rel=\"bookmark\">Read More &raquo;<span class=\"screen-reader-text\">Tout savoir sur les machines \u00e0 broder industrielles &#8211; Recap<\/span><\/a><\/p>\n","protected":false},"author":6,"featured_media":0,"parent":0,"menu_order":0,"comment_status":"closed","ping_status":"closed","template":"","meta":{"_acf_changed":false,"neve_meta_sidebar":"","neve_meta_container":"","neve_meta_enable_content_width":"","neve_meta_content_width":0,"neve_meta_title_alignment":"","neve_meta_author_avatar":"","neve_post_elements_order":"","neve_meta_disable_header":"","neve_meta_disable_footer":"","neve_meta_disable_title":"","neve_meta_reading_time":"","footnotes":""},"class_list":["post-17365","page","type-page","status-publish","hentry"],"acf":[],"yoast_head":"<!-- This site is optimized with the Yoast SEO plugin v27.4 - https:\/\/yoast.com\/product\/yoast-seo-wordpress\/ -->\n<title>Tout savoir sur les machines \u00e0 broder industrielles - Recap - Tajima Europe<\/title>\n<meta name=\"robots\" content=\"index, follow, max-snippet:-1, max-image-preview:large, max-video-preview:-1\" \/>\n<link rel=\"canonical\" href=\"https:\/\/tajimaeurope.com\/fr\/guide-machine-broder-industrielle\/\" \/>\n<meta property=\"og:locale\" content=\"fr_FR\" \/>\n<meta property=\"og:type\" content=\"article\" \/>\n<meta property=\"og:title\" content=\"Tout savoir sur les machines \u00e0 broder industrielles - Recap - Tajima Europe\" \/>\n<meta property=\"og:description\" content=\"Tout savoir sur les machines \u00e0 broder industrielles\u00c9volution des machines \u00e0 broder industrielles Comment le d\u00e9veloppement technologique a-t-il am\u00e9lior\u00e9 les machines \u00e0 broder industrielles ? Quels sont les changements significatifs dans la conception des machines \u00e0 broder industrielles au fil des ann\u00e9es ? Quelle a \u00e9t\u00e9 l&rsquo;\u00e9volution des mat\u00e9riaux utilis\u00e9s dans les machines \u00e0 broder&hellip;&nbsp;Read More &raquo;Tout savoir sur les machines \u00e0 broder industrielles &#8211; Recap\" \/>\n<meta property=\"og:url\" content=\"https:\/\/tajimaeurope.com\/fr\/guide-machine-broder-industrielle\/\" \/>\n<meta property=\"og:site_name\" content=\"Tajima Europe\" \/>\n<meta property=\"article:modified_time\" content=\"2025-05-19T11:38:38+00:00\" \/>\n<meta property=\"og:image\" content=\"https:\/\/tajimaeurope.com\/wp-content\/uploads\/2022\/09\/favicon-Tajima.png\" \/>\n\t<meta property=\"og:image:width\" content=\"512\" \/>\n\t<meta property=\"og:image:height\" content=\"512\" \/>\n\t<meta property=\"og:image:type\" content=\"image\/png\" \/>\n<meta name=\"twitter:card\" content=\"summary_large_image\" \/>\n<meta name=\"twitter:label1\" content=\"Dur\u00e9e de lecture estim\u00e9e\" \/>\n\t<meta name=\"twitter:data1\" content=\"2 minutes\" \/>\n<script type=\"application\/ld+json\" class=\"yoast-schema-graph\">{\"@context\":\"https:\\\/\\\/schema.org\",\"@graph\":[{\"@type\":\"WebPage\",\"@id\":\"https:\\\/\\\/tajimaeurope.com\\\/fr\\\/guide-machine-broder-industrielle\\\/\",\"url\":\"https:\\\/\\\/tajimaeurope.com\\\/fr\\\/guide-machine-broder-industrielle\\\/\",\"name\":\"Tout savoir sur les machines \u00e0 broder industrielles - Recap - Tajima Europe\",\"isPartOf\":{\"@id\":\"https:\\\/\\\/tajimaeurope.com\\\/fr\\\/#website\"},\"datePublished\":\"2024-02-16T12:51:21+00:00\",\"dateModified\":\"2025-05-19T11:38:38+00:00\",\"breadcrumb\":{\"@id\":\"https:\\\/\\\/tajimaeurope.com\\\/fr\\\/guide-machine-broder-industrielle\\\/#breadcrumb\"},\"inLanguage\":\"fr-FR\",\"potentialAction\":[{\"@type\":\"ReadAction\",\"target\":[\"https:\\\/\\\/tajimaeurope.com\\\/fr\\\/guide-machine-broder-industrielle\\\/\"]}]},{\"@type\":\"BreadcrumbList\",\"@id\":\"https:\\\/\\\/tajimaeurope.com\\\/fr\\\/guide-machine-broder-industrielle\\\/#breadcrumb\",\"itemListElement\":[{\"@type\":\"ListItem\",\"position\":1,\"name\":\"Accueil\",\"item\":\"https:\\\/\\\/tajimaeurope.com\\\/fr\\\/\"},{\"@type\":\"ListItem\",\"position\":2,\"name\":\"Tout savoir sur les machines \u00e0 broder industrielles &#8211; Recap\"}]},{\"@type\":\"WebSite\",\"@id\":\"https:\\\/\\\/tajimaeurope.com\\\/fr\\\/#website\",\"url\":\"https:\\\/\\\/tajimaeurope.com\\\/fr\\\/\",\"name\":\"Tajima Europe\",\"description\":\"Les experts outils dans les m\u00e9tiers de la broderie\",\"publisher\":{\"@id\":\"https:\\\/\\\/tajimaeurope.com\\\/fr\\\/#organization\"},\"potentialAction\":[{\"@type\":\"SearchAction\",\"target\":{\"@type\":\"EntryPoint\",\"urlTemplate\":\"https:\\\/\\\/tajimaeurope.com\\\/fr\\\/?s={search_term_string}\"},\"query-input\":{\"@type\":\"PropertyValueSpecification\",\"valueRequired\":true,\"valueName\":\"search_term_string\"}}],\"inLanguage\":\"fr-FR\"},{\"@type\":\"Organization\",\"@id\":\"https:\\\/\\\/tajimaeurope.com\\\/fr\\\/#organization\",\"name\":\"Tajima Europe\",\"url\":\"https:\\\/\\\/tajimaeurope.com\\\/fr\\\/\",\"logo\":{\"@type\":\"ImageObject\",\"inLanguage\":\"fr-FR\",\"@id\":\"https:\\\/\\\/tajimaeurope.com\\\/fr\\\/#\\\/schema\\\/logo\\\/image\\\/\",\"url\":\"https:\\\/\\\/tajimaeurope.com\\\/wp-content\\\/uploads\\\/2020\\\/03\\\/logo-mail.jpg\",\"contentUrl\":\"https:\\\/\\\/tajimaeurope.com\\\/wp-content\\\/uploads\\\/2020\\\/03\\\/logo-mail.jpg\",\"width\":179,\"height\":150,\"caption\":\"Tajima Europe\"},\"image\":{\"@id\":\"https:\\\/\\\/tajimaeurope.com\\\/fr\\\/#\\\/schema\\\/logo\\\/image\\\/\"}}]}<\/script>\n<!-- \/ Yoast SEO plugin. -->","yoast_head_json":{"title":"Tout savoir sur les machines \u00e0 broder industrielles - Recap - Tajima Europe","robots":{"index":"index","follow":"follow","max-snippet":"max-snippet:-1","max-image-preview":"max-image-preview:large","max-video-preview":"max-video-preview:-1"},"canonical":"https:\/\/tajimaeurope.com\/fr\/guide-machine-broder-industrielle\/","og_locale":"fr_FR","og_type":"article","og_title":"Tout savoir sur les machines \u00e0 broder industrielles - Recap - Tajima Europe","og_description":"Tout savoir sur les machines \u00e0 broder industrielles\u00c9volution des machines \u00e0 broder industrielles Comment le d\u00e9veloppement technologique a-t-il am\u00e9lior\u00e9 les machines \u00e0 broder industrielles ? Quels sont les changements significatifs dans la conception des machines \u00e0 broder industrielles au fil des ann\u00e9es ? Quelle a \u00e9t\u00e9 l&rsquo;\u00e9volution des mat\u00e9riaux utilis\u00e9s dans les machines \u00e0 broder&hellip;&nbsp;Read More &raquo;Tout savoir sur les machines \u00e0 broder industrielles &#8211; Recap","og_url":"https:\/\/tajimaeurope.com\/fr\/guide-machine-broder-industrielle\/","og_site_name":"Tajima Europe","article_modified_time":"2025-05-19T11:38:38+00:00","og_image":[{"width":512,"height":512,"url":"https:\/\/tajimaeurope.com\/wp-content\/uploads\/2022\/09\/favicon-Tajima.png","type":"image\/png"}],"twitter_card":"summary_large_image","twitter_misc":{"Dur\u00e9e de lecture estim\u00e9e":"2 minutes"},"schema":{"@context":"https:\/\/schema.org","@graph":[{"@type":"WebPage","@id":"https:\/\/tajimaeurope.com\/fr\/guide-machine-broder-industrielle\/","url":"https:\/\/tajimaeurope.com\/fr\/guide-machine-broder-industrielle\/","name":"Tout savoir sur les machines \u00e0 broder industrielles - Recap - Tajima Europe","isPartOf":{"@id":"https:\/\/tajimaeurope.com\/fr\/#website"},"datePublished":"2024-02-16T12:51:21+00:00","dateModified":"2025-05-19T11:38:38+00:00","breadcrumb":{"@id":"https:\/\/tajimaeurope.com\/fr\/guide-machine-broder-industrielle\/#breadcrumb"},"inLanguage":"fr-FR","potentialAction":[{"@type":"ReadAction","target":["https:\/\/tajimaeurope.com\/fr\/guide-machine-broder-industrielle\/"]}]},{"@type":"BreadcrumbList","@id":"https:\/\/tajimaeurope.com\/fr\/guide-machine-broder-industrielle\/#breadcrumb","itemListElement":[{"@type":"ListItem","position":1,"name":"Accueil","item":"https:\/\/tajimaeurope.com\/fr\/"},{"@type":"ListItem","position":2,"name":"Tout savoir sur les machines \u00e0 broder industrielles &#8211; Recap"}]},{"@type":"WebSite","@id":"https:\/\/tajimaeurope.com\/fr\/#website","url":"https:\/\/tajimaeurope.com\/fr\/","name":"Tajima Europe","description":"Les experts outils dans les m\u00e9tiers de la broderie","publisher":{"@id":"https:\/\/tajimaeurope.com\/fr\/#organization"},"potentialAction":[{"@type":"SearchAction","target":{"@type":"EntryPoint","urlTemplate":"https:\/\/tajimaeurope.com\/fr\/?s={search_term_string}"},"query-input":{"@type":"PropertyValueSpecification","valueRequired":true,"valueName":"search_term_string"}}],"inLanguage":"fr-FR"},{"@type":"Organization","@id":"https:\/\/tajimaeurope.com\/fr\/#organization","name":"Tajima Europe","url":"https:\/\/tajimaeurope.com\/fr\/","logo":{"@type":"ImageObject","inLanguage":"fr-FR","@id":"https:\/\/tajimaeurope.com\/fr\/#\/schema\/logo\/image\/","url":"https:\/\/tajimaeurope.com\/wp-content\/uploads\/2020\/03\/logo-mail.jpg","contentUrl":"https:\/\/tajimaeurope.com\/wp-content\/uploads\/2020\/03\/logo-mail.jpg","width":179,"height":150,"caption":"Tajima Europe"},"image":{"@id":"https:\/\/tajimaeurope.com\/fr\/#\/schema\/logo\/image\/"}}]}},"_links":{"self":[{"href":"https:\/\/tajimaeurope.com\/fr\/wp-json\/wp\/v2\/pages\/17365","targetHints":{"allow":["GET"]}}],"collection":[{"href":"https:\/\/tajimaeurope.com\/fr\/wp-json\/wp\/v2\/pages"}],"about":[{"href":"https:\/\/tajimaeurope.com\/fr\/wp-json\/wp\/v2\/types\/page"}],"author":[{"embeddable":true,"href":"https:\/\/tajimaeurope.com\/fr\/wp-json\/wp\/v2\/users\/6"}],"replies":[{"embeddable":true,"href":"https:\/\/tajimaeurope.com\/fr\/wp-json\/wp\/v2\/comments?post=17365"}],"version-history":[{"count":0,"href":"https:\/\/tajimaeurope.com\/fr\/wp-json\/wp\/v2\/pages\/17365\/revisions"}],"wp:attachment":[{"href":"https:\/\/tajimaeurope.com\/fr\/wp-json\/wp\/v2\/media?parent=17365"}],"curies":[{"name":"wp","href":"https:\/\/api.w.org\/{rel}","templated":true}]}}