{"id":4546,"date":"2022-08-17T17:33:52","date_gmt":"2022-08-17T17:33:52","guid":{"rendered":"https:\/\/tajimaeurope.com\/?page_id=4546"},"modified":"2026-01-07T09:59:24","modified_gmt":"2026-01-07T08:59:24","slug":"mise-en-reseau-des-machines","status":"publish","type":"page","link":"https:\/\/tajimaeurope.com\/fr\/logiciels-solutions-pulse-tajima-software\/mise-en-reseau-des-machines\/","title":{"rendered":"Mise en r\u00e9seau des machines"},"content":{"rendered":"\t\t<div data-elementor-type=\"wp-page\" data-elementor-id=\"4546\" class=\"elementor elementor-4546\" data-elementor-post-type=\"page\">\n\t\t\t\t\t\t<section class=\"elementor-section elementor-top-section elementor-element elementor-element-69fe61f0 elementor-section-boxed elementor-section-height-default elementor-section-height-default\" data-id=\"69fe61f0\" data-element_type=\"section\" data-e-type=\"section\">\n\t\t\t\t\t\t<div class=\"elementor-container elementor-column-gap-no\">\n\t\t\t\t\t<div class=\"elementor-column elementor-col-100 elementor-top-column elementor-element elementor-element-57cdd191\" data-id=\"57cdd191\" data-element_type=\"column\" data-e-type=\"column\">\n\t\t\t<div class=\"elementor-widget-wrap elementor-element-populated\">\n\t\t\t\t\t\t<section class=\"elementor-section elementor-inner-section elementor-element elementor-element-1ea44eb6 elementor-section-boxed elementor-section-height-default elementor-section-height-default\" data-id=\"1ea44eb6\" data-element_type=\"section\" data-e-type=\"section\">\n\t\t\t\t\t\t<div class=\"elementor-container elementor-column-gap-no\">\n\t\t\t\t\t<div class=\"elementor-column elementor-col-100 elementor-inner-column elementor-element elementor-element-125bb8c6\" data-id=\"125bb8c6\" data-element_type=\"column\" data-e-type=\"column\">\n\t\t\t<div class=\"elementor-widget-wrap elementor-element-populated\">\n\t\t\t\t\t\t<div class=\"elementor-element elementor-element-59e8d17c elementor-widget__width-initial elementor-widget elementor-widget-spacer\" data-id=\"59e8d17c\" data-element_type=\"widget\" data-e-type=\"widget\" data-widget_type=\"spacer.default\">\n\t\t\t\t<div class=\"elementor-widget-container\">\n\t\t\t\t\t\t\t<div class=\"elementor-spacer\">\n\t\t\t<div class=\"elementor-spacer-inner\"><\/div>\n\t\t<\/div>\n\t\t\t\t\t\t<\/div>\n\t\t\t\t<\/div>\n\t\t\t\t<div class=\"elementor-element elementor-element-2e834a80 elementor-widget__width-inherit elementor-widget elementor-widget-heading\" data-id=\"2e834a80\" data-element_type=\"widget\" data-e-type=\"widget\" data-widget_type=\"heading.default\">\n\t\t\t\t<div class=\"elementor-widget-container\">\n\t\t\t\t\t<h2 class=\"elementor-heading-title elementor-size-default\">R\u00e9seau des machines \u00e0 broder industrielles<\/h2>\t\t\t\t<\/div>\n\t\t\t\t<\/div>\n\t\t\t\t<div class=\"elementor-element elementor-element-5806555a elementor-widget__width-inherit elementor-widget elementor-widget-text-editor\" data-id=\"5806555a\" data-element_type=\"widget\" data-e-type=\"widget\" data-widget_type=\"text-editor.default\">\n\t\t\t\t<div class=\"elementor-widget-container\">\n\t\t\t\t\t\t\t\t\t<p>La mise en r\u00e9seau de PulselD permet de <strong>g\u00e9rer efficacement les calendriers de production<\/strong> et de surveiller avec pr\u00e9cision les d\u00e9tails tels que les points brod\u00e9s par minute, la broderies r\u00e9p\u00e9t\u00e9es, l&rsquo;efficacit\u00e9 des s\u00e9ries, les casses de fils ou les d\u00e9lais d&rsquo;ex\u00e9cution. <br \/><br \/>Des\u00a0tableaux de bord d\u00e9taill\u00e9s et des rapports\u00a0sont disponibles pour les machines, les dessins et la productivit\u00e9 de l&rsquo;op\u00e9rateur, et permettent d&rsquo;<strong>obtenir une meilleure efficacit\u00e9<\/strong>.<\/p><p>Le\u00a0syst\u00e8me de rapport est \u00e9volutif, ce qui signifie qu&rsquo;il fonctionnera pour les entreprises de toutes tailles et continuera \u00e0 satisfaire les besoins de votre entreprise au fil de son \u00e9volution.\u00a0<\/p><p>Des statistiques de rapports peuvent \u00eatre enregistr\u00e9es en tant que rapports XLS ou surveill\u00e9es par un tableau de bord administratif \u00e0 distance via internet \u00e0 la minute pr\u00e8s. Les machines en r\u00e9seau sont tr\u00e8s faciles \u00e0 g\u00e9rer et tr\u00e8s faciles \u00e0 faire \u00e9voluer.<\/p>\t\t\t\t\t\t\t\t<\/div>\n\t\t\t\t<\/div>\n\t\t\t\t<div class=\"elementor-element elementor-element-fb8cce1 elementor-widget elementor-widget-image\" data-id=\"fb8cce1\" data-element_type=\"widget\" data-e-type=\"widget\" data-widget_type=\"image.default\">\n\t\t\t\t<div class=\"elementor-widget-container\">\n\t\t\t\t\t\t\t\t\t\t\t\t\t\t\t\t<a href=\"https:\/\/www.youtube.com\/watch?v=Y-ZKfxyZ1uA\" target=\"_blank\">\n\t\t\t\t\t\t\t<img fetchpriority=\"high\" decoding=\"async\" width=\"1000\" height=\"552\" src=\"https:\/\/tajimaeurope.com\/wp-content\/uploads\/2026\/01\/Automatisation-machine.jpg\" class=\"attachment-large size-large wp-image-23222\" alt=\"PulseID Workflow Automatisation en 3 points : Gagnez du temps. Minimisez les co\u00fbts. \u00c9liminez les erreurs.\" srcset=\"https:\/\/tajimaeurope.com\/wp-content\/uploads\/2026\/01\/Automatisation-machine.jpg 1000w, https:\/\/tajimaeurope.com\/wp-content\/uploads\/2026\/01\/Automatisation-machine-300x166.jpg 300w, https:\/\/tajimaeurope.com\/wp-content\/uploads\/2026\/01\/Automatisation-machine-768x424.jpg 768w\" sizes=\"(max-width: 1000px) 100vw, 1000px\" \/>\t\t\t\t\t\t\t\t<\/a>\n\t\t\t\t\t\t\t\t\t\t\t\t\t\t\t<\/div>\n\t\t\t\t<\/div>\n\t\t\t\t<div class=\"elementor-element elementor-element-cd5c797 elementor-widget-divider--view-line elementor-widget elementor-widget-divider\" data-id=\"cd5c797\" data-element_type=\"widget\" data-e-type=\"widget\" data-widget_type=\"divider.default\">\n\t\t\t\t<div class=\"elementor-widget-container\">\n\t\t\t\t\t\t\t<div class=\"elementor-divider\">\n\t\t\t<span class=\"elementor-divider-separator\">\n\t\t\t\t\t\t<\/span>\n\t\t<\/div>\n\t\t\t\t\t\t<\/div>\n\t\t\t\t<\/div>\n\t\t\t\t<div class=\"elementor-element elementor-element-1755778 elementor-align-center customButton elementor-widget elementor-widget-button\" data-id=\"1755778\" data-element_type=\"widget\" data-e-type=\"widget\" data-widget_type=\"button.default\">\n\t\t\t\t<div class=\"elementor-widget-container\">\n\t\t\t\t\t\t\t\t\t<div class=\"elementor-button-wrapper\">\n\t\t\t\t\t<a class=\"elementor-button elementor-button-link elementor-size-sm\" href=\"\/fr\/Nous-contacter\">\n\t\t\t\t\t\t<span class=\"elementor-button-content-wrapper\">\n\t\t\t\t\t\t\t\t\t<span class=\"elementor-button-text\">CONTACTEZ-NOUS<\/span>\n\t\t\t\t\t<\/span>\n\t\t\t\t\t<\/a>\n\t\t\t\t<\/div>\n\t\t\t\t\t\t\t\t<\/div>\n\t\t\t\t<\/div>\n\t\t\t\t\t<\/div>\n\t\t<\/div>\n\t\t\t\t\t<\/div>\n\t\t<\/section>\n\t\t\t\t<section class=\"elementor-section elementor-inner-section elementor-element elementor-element-37449d53 elementor-section-boxed elementor-section-height-default elementor-section-height-default\" data-id=\"37449d53\" data-element_type=\"section\" data-e-type=\"section\">\n\t\t\t\t\t\t<div class=\"elementor-container elementor-column-gap-no\">\n\t\t\t\t\t<div class=\"elementor-column elementor-col-100 elementor-inner-column elementor-element elementor-element-465704b\" data-id=\"465704b\" data-element_type=\"column\" data-e-type=\"column\">\n\t\t\t<div class=\"elementor-widget-wrap elementor-element-populated\">\n\t\t\t\t\t\t<div class=\"elementor-element elementor-element-693fe267 elementor-widget__width-auto backToTopBtn elementor-view-default elementor-position-block-start elementor-mobile-position-block-start elementor-widget elementor-widget-icon-box\" data-id=\"693fe267\" data-element_type=\"widget\" data-e-type=\"widget\" data-widget_type=\"icon-box.default\">\n\t\t\t\t<div class=\"elementor-widget-container\">\n\t\t\t\t\t\t\t<div class=\"elementor-icon-box-wrapper\">\n\n\t\t\t\t\t\t<div class=\"elementor-icon-box-icon\">\n\t\t\t\t<a href=\"#\" class=\"elementor-icon\" tabindex=\"-1\" aria-label=\"Haut de page\">\n\t\t\t\t<svg xmlns=\"http:\/\/www.w3.org\/2000\/svg\" xmlns:xlink=\"http:\/\/www.w3.org\/1999\/xlink\" id=\"Calque_1\" x=\"0px\" y=\"0px\" width=\"37.318px\" height=\"21.373px\" viewBox=\"0 0 37.318 21.373\" xml:space=\"preserve\"><g>\t<polygon points=\"2.797,21.373 0,18.514 18.928,0 37.318,18.534 34.479,21.353 18.885,5.637  \"><\/polygon><\/g><\/svg>\t\t\t\t<\/a>\n\t\t\t<\/div>\n\t\t\t\n\t\t\t\t\t\t<div class=\"elementor-icon-box-content\">\n\n\t\t\t\t\t\t\t\t\t<p class=\"elementor-icon-box-title\">\n\t\t\t\t\t\t<a href=\"#\" >\n\t\t\t\t\t\t\tHaut de page\t\t\t\t\t\t<\/a>\n\t\t\t\t\t<\/p>\n\t\t\t\t\n\t\t\t\t\n\t\t\t<\/div>\n\t\t\t\n\t\t<\/div>\n\t\t\t\t\t\t<\/div>\n\t\t\t\t<\/div>\n\t\t\t\t\t<\/div>\n\t\t<\/div>\n\t\t\t\t\t<\/div>\n\t\t<\/section>\n\t\t\t\t\t<\/div>\n\t\t<\/div>\n\t\t\t\t\t<\/div>\n\t\t<\/section>\n\t\t\t\t<section class=\"elementor-section elementor-top-section elementor-element elementor-element-e0cf636 elementor-section-boxed elementor-section-height-default elementor-section-height-default\" data-id=\"e0cf636\" data-element_type=\"section\" data-e-type=\"section\">\n\t\t\t\t\t\t<div class=\"elementor-container elementor-column-gap-no\">\n\t\t\t\t\t<div class=\"elementor-column elementor-col-100 elementor-top-column elementor-element elementor-element-5a46dc5\" data-id=\"5a46dc5\" data-element_type=\"column\" data-e-type=\"column\">\n\t\t\t<div class=\"elementor-widget-wrap elementor-element-populated\">\n\t\t\t\t\t\t<section class=\"elementor-section elementor-inner-section elementor-element elementor-element-2c2b612 elementor-section-full_width elementor-section-height-default elementor-section-height-default\" data-id=\"2c2b612\" data-element_type=\"section\" data-e-type=\"section\">\n\t\t\t\t\t\t<div class=\"elementor-container elementor-column-gap-no\">\n\t\t\t\t\t<div class=\"elementor-column elementor-col-100 elementor-inner-column elementor-element elementor-element-294882b\" data-id=\"294882b\" data-element_type=\"column\" data-e-type=\"column\">\n\t\t\t<div class=\"elementor-widget-wrap elementor-element-populated\">\n\t\t\t\t\t\t<div class=\"elementor-element elementor-element-720b3ce elementor-nav-menu__align-center elementor-nav-menu--dropdown-none menuFooter elementor-widget elementor-widget-nav-menu\" data-id=\"720b3ce\" data-element_type=\"widget\" data-e-type=\"widget\" data-settings=\"{&quot;submenu_icon&quot;:{&quot;value&quot;:&quot;&lt;i class=\\&quot;\\&quot; aria-hidden=\\&quot;true\\&quot;&gt;&lt;\\\/i&gt;&quot;,&quot;library&quot;:&quot;&quot;},&quot;layout&quot;:&quot;horizontal&quot;}\" data-widget_type=\"nav-menu.default\">\n\t\t\t\t<div class=\"elementor-widget-container\">\n\t\t\t\t\t\t\t\t<nav aria-label=\"Menu\" class=\"elementor-nav-menu--main elementor-nav-menu__container elementor-nav-menu--layout-horizontal e--pointer-none\">\n\t\t\t\t<ul id=\"menu-1-720b3ce\" class=\"elementor-nav-menu\"><li class=\"menu-item menu-item-type-post_type menu-item-object-page menu-item-6855\"><a href=\"https:\/\/tajimaeurope.com\/fr\/?page_id=5018\" class=\"elementor-item\">Les logiciels<\/a><\/li>\n<li class=\"menu-item menu-item-type-post_type menu-item-object-page menu-item-4891\"><a href=\"https:\/\/tajimaeurope.com\/fr\/logiciels-solutions-pulse-tajima-software\/solution-automatisation-pulse-id-tajima-software\/\" class=\"elementor-item\">Automatisation<\/a><\/li>\n<li class=\"menu-item menu-item-type-post_type menu-item-object-page menu-item-4892\"><a href=\"https:\/\/tajimaeurope.com\/fr\/logiciels-solutions-pulse-tajima-software\/mise-en-reseau-des-machines\/\" class=\"elementor-item\">Mise en r\u00e9seau des machines<\/a><\/li>\n<li class=\"menu-item menu-item-type-post_type menu-item-object-page menu-item-16436\"><a href=\"https:\/\/tajimaeurope.com\/fr\/logiciels-solutions-pulse-tajima-software\/plug-in-pulseid-shopify-woocommerce-prestashop-2\/\" class=\"elementor-item\">Plug-in PulseID : Shopify, WooCommerce, PrestaShop<\/a><\/li>\n<\/ul>\t\t\t<\/nav>\n\t\t\t\t\t\t<nav class=\"elementor-nav-menu--dropdown elementor-nav-menu__container\" aria-hidden=\"true\">\n\t\t\t\t<ul id=\"menu-2-720b3ce\" class=\"elementor-nav-menu\"><li class=\"menu-item menu-item-type-post_type menu-item-object-page menu-item-6855\"><a href=\"https:\/\/tajimaeurope.com\/fr\/?page_id=5018\" class=\"elementor-item\" tabindex=\"-1\">Les logiciels<\/a><\/li>\n<li class=\"menu-item menu-item-type-post_type menu-item-object-page menu-item-4891\"><a href=\"https:\/\/tajimaeurope.com\/fr\/logiciels-solutions-pulse-tajima-software\/solution-automatisation-pulse-id-tajima-software\/\" class=\"elementor-item\" tabindex=\"-1\">Automatisation<\/a><\/li>\n<li class=\"menu-item menu-item-type-post_type menu-item-object-page menu-item-4892\"><a href=\"https:\/\/tajimaeurope.com\/fr\/logiciels-solutions-pulse-tajima-software\/mise-en-reseau-des-machines\/\" class=\"elementor-item\" tabindex=\"-1\">Mise en r\u00e9seau des machines<\/a><\/li>\n<li class=\"menu-item menu-item-type-post_type menu-item-object-page menu-item-16436\"><a href=\"https:\/\/tajimaeurope.com\/fr\/logiciels-solutions-pulse-tajima-software\/plug-in-pulseid-shopify-woocommerce-prestashop-2\/\" class=\"elementor-item\" tabindex=\"-1\">Plug-in PulseID : Shopify, WooCommerce, PrestaShop<\/a><\/li>\n<\/ul>\t\t\t<\/nav>\n\t\t\t\t\t\t<\/div>\n\t\t\t\t<\/div>\n\t\t\t\t\t<\/div>\n\t\t<\/div>\n\t\t\t\t\t<\/div>\n\t\t<\/section>\n\t\t\t\t\t<\/div>\n\t\t<\/div>\n\t\t\t\t\t<\/div>\n\t\t<\/section>\n\t\t\t\t<\/div>\n\t\t","protected":false},"excerpt":{"rendered":"<p>R\u00e9seau des machines \u00e0 broder industrielles La mise en r\u00e9seau de PulselD permet de g\u00e9rer efficacement les calendriers de production et de surveiller avec pr\u00e9cision les d\u00e9tails tels que les points brod\u00e9s par minute, la broderies r\u00e9p\u00e9t\u00e9es, l&rsquo;efficacit\u00e9 des s\u00e9ries, les casses de fils ou les d\u00e9lais d&rsquo;ex\u00e9cution. Des\u00a0tableaux de bord d\u00e9taill\u00e9s et des rapports\u00a0sont&hellip;&nbsp;<a href=\"https:\/\/tajimaeurope.com\/fr\/logiciels-solutions-pulse-tajima-software\/mise-en-reseau-des-machines\/\" rel=\"bookmark\">Read More &raquo;<span class=\"screen-reader-text\">Mise en r\u00e9seau des machines<\/span><\/a><\/p>\n","protected":false},"author":2,"featured_media":0,"parent":4098,"menu_order":0,"comment_status":"closed","ping_status":"closed","template":"page-templates\/template-pagebuilder-full-width.php","meta":{"_acf_changed":false,"neve_meta_sidebar":"","neve_meta_container":"","neve_meta_enable_content_width":"","neve_meta_content_width":0,"neve_meta_title_alignment":"","neve_meta_author_avatar":"","neve_post_elements_order":"","neve_meta_disable_header":"","neve_meta_disable_footer":"","neve_meta_disable_title":"","neve_meta_reading_time":"","footnotes":""},"class_list":["post-4546","page","type-page","status-publish","hentry"],"acf":[],"yoast_head":"<!-- This site is optimized with the Yoast SEO plugin v27.5 - https:\/\/yoast.com\/product\/yoast-seo-wordpress\/ -->\n<title>Mise en r\u00e9seau des machines \u00e0 broder professionnelles<\/title>\n<meta name=\"description\" content=\"La mise en r\u00e9seau avec PulselD g\u00e8re efficacement les calendriers de production et surveille avec pr\u00e9cision les d\u00e9tails de vos broderies.\" \/>\n<meta name=\"robots\" content=\"index, follow, max-snippet:-1, max-image-preview:large, max-video-preview:-1\" \/>\n<link rel=\"canonical\" href=\"https:\/\/tajimaeurope.com\/fr\/logiciels-solutions-pulse-tajima-software\/mise-en-reseau-des-machines\/\" \/>\n<meta property=\"og:locale\" content=\"fr_FR\" \/>\n<meta property=\"og:type\" content=\"article\" \/>\n<meta property=\"og:title\" content=\"Mise en r\u00e9seau des machines \u00e0 broder professionnelles\" \/>\n<meta property=\"og:description\" content=\"La mise en r\u00e9seau avec PulselD g\u00e8re efficacement les calendriers de production et surveille avec pr\u00e9cision les d\u00e9tails de vos broderies.\" \/>\n<meta property=\"og:url\" content=\"https:\/\/tajimaeurope.com\/fr\/logiciels-solutions-pulse-tajima-software\/mise-en-reseau-des-machines\/\" \/>\n<meta property=\"og:site_name\" content=\"Tajima Europe\" \/>\n<meta property=\"article:modified_time\" content=\"2026-01-07T08:59:24+00:00\" \/>\n<meta property=\"og:image\" content=\"https:\/\/tajimaeurope.com\/wp-content\/uploads\/2026\/01\/Automatisation-machine.jpg\" \/>\n\t<meta property=\"og:image:width\" content=\"1000\" \/>\n\t<meta property=\"og:image:height\" content=\"552\" \/>\n\t<meta property=\"og:image:type\" content=\"image\/jpeg\" \/>\n<meta name=\"twitter:card\" content=\"summary_large_image\" \/>\n<meta name=\"twitter:label1\" content=\"Dur\u00e9e de lecture estim\u00e9e\" \/>\n\t<meta name=\"twitter:data1\" content=\"2 minutes\" \/>\n<script type=\"application\/ld+json\" class=\"yoast-schema-graph\">{\"@context\":\"https:\\\/\\\/schema.org\",\"@graph\":[{\"@type\":\"WebPage\",\"@id\":\"https:\\\/\\\/tajimaeurope.com\\\/fr\\\/logiciels-solutions-pulse-tajima-software\\\/mise-en-reseau-des-machines\\\/\",\"url\":\"https:\\\/\\\/tajimaeurope.com\\\/fr\\\/logiciels-solutions-pulse-tajima-software\\\/mise-en-reseau-des-machines\\\/\",\"name\":\"Mise en r\u00e9seau des machines \u00e0 broder professionnelles\",\"isPartOf\":{\"@id\":\"https:\\\/\\\/tajimaeurope.com\\\/fr\\\/#website\"},\"primaryImageOfPage\":{\"@id\":\"https:\\\/\\\/tajimaeurope.com\\\/fr\\\/logiciels-solutions-pulse-tajima-software\\\/mise-en-reseau-des-machines\\\/#primaryimage\"},\"image\":{\"@id\":\"https:\\\/\\\/tajimaeurope.com\\\/fr\\\/logiciels-solutions-pulse-tajima-software\\\/mise-en-reseau-des-machines\\\/#primaryimage\"},\"thumbnailUrl\":\"https:\\\/\\\/tajimaeurope.com\\\/wp-content\\\/uploads\\\/2026\\\/01\\\/Automatisation-machine.jpg\",\"datePublished\":\"2022-08-17T17:33:52+00:00\",\"dateModified\":\"2026-01-07T08:59:24+00:00\",\"description\":\"La mise en r\u00e9seau avec PulselD g\u00e8re efficacement les calendriers de production et surveille avec pr\u00e9cision les d\u00e9tails de vos broderies.\",\"breadcrumb\":{\"@id\":\"https:\\\/\\\/tajimaeurope.com\\\/fr\\\/logiciels-solutions-pulse-tajima-software\\\/mise-en-reseau-des-machines\\\/#breadcrumb\"},\"inLanguage\":\"fr-FR\",\"potentialAction\":[{\"@type\":\"ReadAction\",\"target\":[\"https:\\\/\\\/tajimaeurope.com\\\/fr\\\/logiciels-solutions-pulse-tajima-software\\\/mise-en-reseau-des-machines\\\/\"]}]},{\"@type\":\"ImageObject\",\"inLanguage\":\"fr-FR\",\"@id\":\"https:\\\/\\\/tajimaeurope.com\\\/fr\\\/logiciels-solutions-pulse-tajima-software\\\/mise-en-reseau-des-machines\\\/#primaryimage\",\"url\":\"https:\\\/\\\/tajimaeurope.com\\\/wp-content\\\/uploads\\\/2026\\\/01\\\/Automatisation-machine.jpg\",\"contentUrl\":\"https:\\\/\\\/tajimaeurope.com\\\/wp-content\\\/uploads\\\/2026\\\/01\\\/Automatisation-machine.jpg\"},{\"@type\":\"BreadcrumbList\",\"@id\":\"https:\\\/\\\/tajimaeurope.com\\\/fr\\\/logiciels-solutions-pulse-tajima-software\\\/mise-en-reseau-des-machines\\\/#breadcrumb\",\"itemListElement\":[{\"@type\":\"ListItem\",\"position\":1,\"name\":\"Accueil\",\"item\":\"https:\\\/\\\/tajimaeurope.com\\\/fr\\\/\"},{\"@type\":\"ListItem\",\"position\":2,\"name\":\"Logiciels Pulse\",\"item\":\"https:\\\/\\\/tajimaeurope.com\\\/fr\\\/logiciels-solutions-pulse-tajima-software\\\/\"},{\"@type\":\"ListItem\",\"position\":3,\"name\":\"Mise en r\u00e9seau des machines\"}]},{\"@type\":\"WebSite\",\"@id\":\"https:\\\/\\\/tajimaeurope.com\\\/fr\\\/#website\",\"url\":\"https:\\\/\\\/tajimaeurope.com\\\/fr\\\/\",\"name\":\"Tajima Europe\",\"description\":\"Les experts outils dans les m\u00e9tiers de la broderie\",\"publisher\":{\"@id\":\"https:\\\/\\\/tajimaeurope.com\\\/fr\\\/#organization\"},\"potentialAction\":[{\"@type\":\"SearchAction\",\"target\":{\"@type\":\"EntryPoint\",\"urlTemplate\":\"https:\\\/\\\/tajimaeurope.com\\\/fr\\\/?s={search_term_string}\"},\"query-input\":{\"@type\":\"PropertyValueSpecification\",\"valueRequired\":true,\"valueName\":\"search_term_string\"}}],\"inLanguage\":\"fr-FR\"},{\"@type\":\"Organization\",\"@id\":\"https:\\\/\\\/tajimaeurope.com\\\/fr\\\/#organization\",\"name\":\"Tajima Europe\",\"url\":\"https:\\\/\\\/tajimaeurope.com\\\/fr\\\/\",\"logo\":{\"@type\":\"ImageObject\",\"inLanguage\":\"fr-FR\",\"@id\":\"https:\\\/\\\/tajimaeurope.com\\\/fr\\\/#\\\/schema\\\/logo\\\/image\\\/\",\"url\":\"https:\\\/\\\/tajimaeurope.com\\\/wp-content\\\/uploads\\\/2020\\\/03\\\/logo-mail.jpg\",\"contentUrl\":\"https:\\\/\\\/tajimaeurope.com\\\/wp-content\\\/uploads\\\/2020\\\/03\\\/logo-mail.jpg\",\"width\":179,\"height\":150,\"caption\":\"Tajima Europe\"},\"image\":{\"@id\":\"https:\\\/\\\/tajimaeurope.com\\\/fr\\\/#\\\/schema\\\/logo\\\/image\\\/\"}}]}<\/script>\n<!-- \/ Yoast SEO plugin. -->","yoast_head_json":{"title":"Mise en r\u00e9seau des machines \u00e0 broder professionnelles","description":"La mise en r\u00e9seau avec PulselD g\u00e8re efficacement les calendriers de production et surveille avec pr\u00e9cision les d\u00e9tails de vos broderies.","robots":{"index":"index","follow":"follow","max-snippet":"max-snippet:-1","max-image-preview":"max-image-preview:large","max-video-preview":"max-video-preview:-1"},"canonical":"https:\/\/tajimaeurope.com\/fr\/logiciels-solutions-pulse-tajima-software\/mise-en-reseau-des-machines\/","og_locale":"fr_FR","og_type":"article","og_title":"Mise en r\u00e9seau des machines \u00e0 broder professionnelles","og_description":"La mise en r\u00e9seau avec PulselD g\u00e8re efficacement les calendriers de production et surveille avec pr\u00e9cision les d\u00e9tails de vos broderies.","og_url":"https:\/\/tajimaeurope.com\/fr\/logiciels-solutions-pulse-tajima-software\/mise-en-reseau-des-machines\/","og_site_name":"Tajima Europe","article_modified_time":"2026-01-07T08:59:24+00:00","og_image":[{"width":1000,"height":552,"url":"https:\/\/tajimaeurope.com\/wp-content\/uploads\/2026\/01\/Automatisation-machine.jpg","type":"image\/jpeg"}],"twitter_card":"summary_large_image","twitter_misc":{"Dur\u00e9e de lecture estim\u00e9e":"2 minutes"},"schema":{"@context":"https:\/\/schema.org","@graph":[{"@type":"WebPage","@id":"https:\/\/tajimaeurope.com\/fr\/logiciels-solutions-pulse-tajima-software\/mise-en-reseau-des-machines\/","url":"https:\/\/tajimaeurope.com\/fr\/logiciels-solutions-pulse-tajima-software\/mise-en-reseau-des-machines\/","name":"Mise en r\u00e9seau des machines \u00e0 broder professionnelles","isPartOf":{"@id":"https:\/\/tajimaeurope.com\/fr\/#website"},"primaryImageOfPage":{"@id":"https:\/\/tajimaeurope.com\/fr\/logiciels-solutions-pulse-tajima-software\/mise-en-reseau-des-machines\/#primaryimage"},"image":{"@id":"https:\/\/tajimaeurope.com\/fr\/logiciels-solutions-pulse-tajima-software\/mise-en-reseau-des-machines\/#primaryimage"},"thumbnailUrl":"https:\/\/tajimaeurope.com\/wp-content\/uploads\/2026\/01\/Automatisation-machine.jpg","datePublished":"2022-08-17T17:33:52+00:00","dateModified":"2026-01-07T08:59:24+00:00","description":"La mise en r\u00e9seau avec PulselD g\u00e8re efficacement les calendriers de production et surveille avec pr\u00e9cision les d\u00e9tails de vos broderies.","breadcrumb":{"@id":"https:\/\/tajimaeurope.com\/fr\/logiciels-solutions-pulse-tajima-software\/mise-en-reseau-des-machines\/#breadcrumb"},"inLanguage":"fr-FR","potentialAction":[{"@type":"ReadAction","target":["https:\/\/tajimaeurope.com\/fr\/logiciels-solutions-pulse-tajima-software\/mise-en-reseau-des-machines\/"]}]},{"@type":"ImageObject","inLanguage":"fr-FR","@id":"https:\/\/tajimaeurope.com\/fr\/logiciels-solutions-pulse-tajima-software\/mise-en-reseau-des-machines\/#primaryimage","url":"https:\/\/tajimaeurope.com\/wp-content\/uploads\/2026\/01\/Automatisation-machine.jpg","contentUrl":"https:\/\/tajimaeurope.com\/wp-content\/uploads\/2026\/01\/Automatisation-machine.jpg"},{"@type":"BreadcrumbList","@id":"https:\/\/tajimaeurope.com\/fr\/logiciels-solutions-pulse-tajima-software\/mise-en-reseau-des-machines\/#breadcrumb","itemListElement":[{"@type":"ListItem","position":1,"name":"Accueil","item":"https:\/\/tajimaeurope.com\/fr\/"},{"@type":"ListItem","position":2,"name":"Logiciels Pulse","item":"https:\/\/tajimaeurope.com\/fr\/logiciels-solutions-pulse-tajima-software\/"},{"@type":"ListItem","position":3,"name":"Mise en r\u00e9seau des machines"}]},{"@type":"WebSite","@id":"https:\/\/tajimaeurope.com\/fr\/#website","url":"https:\/\/tajimaeurope.com\/fr\/","name":"Tajima Europe","description":"Les experts outils dans les m\u00e9tiers de la broderie","publisher":{"@id":"https:\/\/tajimaeurope.com\/fr\/#organization"},"potentialAction":[{"@type":"SearchAction","target":{"@type":"EntryPoint","urlTemplate":"https:\/\/tajimaeurope.com\/fr\/?s={search_term_string}"},"query-input":{"@type":"PropertyValueSpecification","valueRequired":true,"valueName":"search_term_string"}}],"inLanguage":"fr-FR"},{"@type":"Organization","@id":"https:\/\/tajimaeurope.com\/fr\/#organization","name":"Tajima Europe","url":"https:\/\/tajimaeurope.com\/fr\/","logo":{"@type":"ImageObject","inLanguage":"fr-FR","@id":"https:\/\/tajimaeurope.com\/fr\/#\/schema\/logo\/image\/","url":"https:\/\/tajimaeurope.com\/wp-content\/uploads\/2020\/03\/logo-mail.jpg","contentUrl":"https:\/\/tajimaeurope.com\/wp-content\/uploads\/2020\/03\/logo-mail.jpg","width":179,"height":150,"caption":"Tajima Europe"},"image":{"@id":"https:\/\/tajimaeurope.com\/fr\/#\/schema\/logo\/image\/"}}]}},"_links":{"self":[{"href":"https:\/\/tajimaeurope.com\/fr\/wp-json\/wp\/v2\/pages\/4546","targetHints":{"allow":["GET"]}}],"collection":[{"href":"https:\/\/tajimaeurope.com\/fr\/wp-json\/wp\/v2\/pages"}],"about":[{"href":"https:\/\/tajimaeurope.com\/fr\/wp-json\/wp\/v2\/types\/page"}],"author":[{"embeddable":true,"href":"https:\/\/tajimaeurope.com\/fr\/wp-json\/wp\/v2\/users\/2"}],"replies":[{"embeddable":true,"href":"https:\/\/tajimaeurope.com\/fr\/wp-json\/wp\/v2\/comments?post=4546"}],"version-history":[{"count":0,"href":"https:\/\/tajimaeurope.com\/fr\/wp-json\/wp\/v2\/pages\/4546\/revisions"}],"up":[{"embeddable":true,"href":"https:\/\/tajimaeurope.com\/fr\/wp-json\/wp\/v2\/pages\/4098"}],"wp:attachment":[{"href":"https:\/\/tajimaeurope.com\/fr\/wp-json\/wp\/v2\/media?parent=4546"}],"curies":[{"name":"wp","href":"https:\/\/api.w.org\/{rel}","templated":true}]}}