{"id":4587,"date":"2022-08-18T06:29:38","date_gmt":"2022-08-18T06:29:38","guid":{"rendered":"https:\/\/tajimaeurope.com\/?page_id=4587"},"modified":"2025-05-19T13:26:25","modified_gmt":"2025-05-19T11:26:25","slug":"mono-tete-compacte","status":"publish","type":"page","link":"https:\/\/tajimaeurope.com\/fr\/nos-machines-a-broder-industrielle-professionnelle-tajima\/mono-tete-compacte\/","title":{"rendered":"Mono-t\u00eate compacte"},"content":{"rendered":"\t\t<div data-elementor-type=\"wp-page\" data-elementor-id=\"4587\" class=\"elementor elementor-4587\" data-elementor-post-type=\"page\">\n\t\t\t\t\t\t<section class=\"elementor-section elementor-top-section elementor-element elementor-element-f2e2beb elementor-section-boxed elementor-section-height-default elementor-section-height-default\" data-id=\"f2e2beb\" data-element_type=\"section\" data-e-type=\"section\" data-settings=\"{&quot;background_background&quot;:&quot;classic&quot;}\">\n\t\t\t\t\t\t<div class=\"elementor-container elementor-column-gap-no\">\n\t\t\t\t\t<div class=\"elementor-column elementor-col-100 elementor-top-column elementor-element elementor-element-c21b954\" data-id=\"c21b954\" data-element_type=\"column\" data-e-type=\"column\">\n\t\t\t<div class=\"elementor-widget-wrap elementor-element-populated\">\n\t\t\t\t\t\t<div class=\"elementor-element elementor-element-ed8d4db listingMachine elementor-widget elementor-widget-jet-listing-grid\" data-id=\"ed8d4db\" data-element_type=\"widget\" data-e-type=\"widget\" data-settings=\"{&quot;columns&quot;:3,&quot;columns_tablet&quot;:&quot;2&quot;,&quot;columns_mobile&quot;:&quot;1&quot;}\" data-widget_type=\"jet-listing-grid.default\">\n\t\t\t\t<div class=\"elementor-widget-container\">\n\t\t\t\t\t<div class=\"jet-listing-grid jet-listing\"><div class=\"jet-listing-grid__items grid-col-desk-3 grid-col-tablet-2 grid-col-mobile-1 jet-listing-grid--4144\" data-queried-id=\"4587|WP_Post\" data-nav=\"{&quot;enabled&quot;:false,&quot;type&quot;:null,&quot;more_el&quot;:null,&quot;query&quot;:[],&quot;widget_settings&quot;:{&quot;lisitng_id&quot;:4144,&quot;posts_num&quot;:6,&quot;columns&quot;:3,&quot;columns_tablet&quot;:2,&quot;columns_mobile&quot;:1,&quot;column_min_width&quot;:240,&quot;column_min_width_tablet&quot;:240,&quot;column_min_width_mobile&quot;:240,&quot;inline_columns_css&quot;:false,&quot;is_archive_template&quot;:&quot;&quot;,&quot;post_status&quot;:[&quot;publish&quot;],&quot;use_random_posts_num&quot;:&quot;&quot;,&quot;max_posts_num&quot;:9,&quot;not_found_message&quot;:&quot;Aucune machine n&#039;a \\u00e9t\\u00e9 trouv\\u00e9e&quot;,&quot;is_masonry&quot;:false,&quot;equal_columns_height&quot;:&quot;&quot;,&quot;use_load_more&quot;:&quot;&quot;,&quot;load_more_id&quot;:&quot;&quot;,&quot;load_more_type&quot;:&quot;click&quot;,&quot;load_more_offset&quot;:{&quot;unit&quot;:&quot;px&quot;,&quot;size&quot;:0,&quot;sizes&quot;:[]},&quot;use_custom_post_types&quot;:&quot;&quot;,&quot;custom_post_types&quot;:[],&quot;hide_widget_if&quot;:&quot;&quot;,&quot;carousel_enabled&quot;:&quot;&quot;,&quot;slides_to_scroll&quot;:&quot;1&quot;,&quot;arrows&quot;:&quot;true&quot;,&quot;arrow_icon&quot;:&quot;fa fa-angle-left&quot;,&quot;dots&quot;:&quot;&quot;,&quot;autoplay&quot;:&quot;true&quot;,&quot;pause_on_hover&quot;:&quot;true&quot;,&quot;autoplay_speed&quot;:5000,&quot;infinite&quot;:&quot;true&quot;,&quot;center_mode&quot;:&quot;&quot;,&quot;effect&quot;:&quot;slide&quot;,&quot;speed&quot;:500,&quot;inject_alternative_items&quot;:&quot;&quot;,&quot;injection_items&quot;:[],&quot;scroll_slider_enabled&quot;:&quot;&quot;,&quot;scroll_slider_on&quot;:[&quot;desktop&quot;,&quot;tablet&quot;,&quot;mobile&quot;],&quot;custom_query&quot;:false,&quot;custom_query_id&quot;:&quot;&quot;,&quot;_element_id&quot;:&quot;&quot;,&quot;collapse_first_last_gap&quot;:false,&quot;list_tag_selection&quot;:&quot;&quot;,&quot;list_items_wrapper_tag&quot;:&quot;div&quot;,&quot;list_item_tag&quot;:&quot;div&quot;,&quot;empty_items_wrapper_tag&quot;:&quot;div&quot;}}\" data-page=\"1\" data-pages=\"1\" data-listing-source=\"posts\" data-listing-id=\"4144\" data-query-id=\"\"><div class=\"jet-listing-grid__item jet-listing-dynamic-post-746\" data-post-id=\"746\"  ><div class=\"jet-engine-listing-overlay-wrap\" data-url=\"https:\/\/tajimaeurope.com\/fr\/nos-machines-a-broder\/mono-tete-compacte\/tajima-sai\/\">\t\t<div data-elementor-type=\"jet-listing-items\" data-elementor-id=\"4144\" class=\"elementor elementor-4144\" data-elementor-post-type=\"jet-engine\">\n\t\t\t\t\t\t<section class=\"elementor-section elementor-top-section elementor-element elementor-element-0db3467 elementor-section-full_width elementor-section-height-default elementor-section-height-default\" data-id=\"0db3467\" data-element_type=\"section\" data-e-type=\"section\">\n\t\t\t\t\t\t<div class=\"elementor-container elementor-column-gap-no\">\n\t\t\t\t\t<div class=\"elementor-column elementor-col-100 elementor-top-column elementor-element elementor-element-c788069\" data-id=\"c788069\" data-element_type=\"column\" data-e-type=\"column\">\n\t\t\t<div class=\"elementor-widget-wrap elementor-element-populated\">\n\t\t\t\t\t\t<div class=\"elementor-element elementor-element-87bc857 elementor-widget elementor-widget-jet-listing-dynamic-image\" data-id=\"87bc857\" data-element_type=\"widget\" data-e-type=\"widget\" data-widget_type=\"jet-listing-dynamic-image.default\">\n\t\t\t\t<div class=\"elementor-widget-container\">\n\t\t\t\t\t<div class=\"jet-listing jet-listing-dynamic-image\" ><a href=\"https:\/\/tajimaeurope.com\/fr\/nos-machines-a-broder\/mono-tete-compacte\/tajima-sai\/\" class=\"jet-listing-dynamic-image__link\"><img fetchpriority=\"high\" decoding=\"async\" width=\"411\" height=\"500\" src=\"https:\/\/tajimaeurope.com\/wp-content\/uploads\/2022\/08\/Brodeuse-SAI-Prix.png\" class=\"jet-listing-dynamic-image__img attachment-full size-full wp-post-image\" alt=\"Brodeuse SAI prix \u00e0 partir de\" srcset=\"https:\/\/tajimaeurope.com\/wp-content\/uploads\/2022\/08\/Brodeuse-SAI-Prix.png 411w, https:\/\/tajimaeurope.com\/wp-content\/uploads\/2022\/08\/Brodeuse-SAI-Prix-247x300.png 247w\" sizes=\"(max-width: 411px) 100vw, 411px\" loading=\"eager\" \/><\/a><\/div>\t\t\t\t<\/div>\n\t\t\t\t<\/div>\n\t\t\t\t<div class=\"elementor-element elementor-element-e9f1028 elementor-widget elementor-widget-jet-listing-dynamic-field\" data-id=\"e9f1028\" data-element_type=\"widget\" data-e-type=\"widget\" data-widget_type=\"jet-listing-dynamic-field.default\">\n\t\t\t\t<div class=\"elementor-widget-container\">\n\t\t\t\t\t<div class=\"jet-listing jet-listing-dynamic-field display-inline\"><div class=\"jet-listing-dynamic-field__inline-wrap\"><h2 class=\"jet-listing-dynamic-field__content\" >Machine \u00e0 broder SAI<\/h2><\/div><\/div>\t\t\t\t<\/div>\n\t\t\t\t<\/div>\n\t\t\t\t<div class=\"elementor-element elementor-element-93f0454 elementor-widget elementor-widget-jet-listing-dynamic-field\" data-id=\"93f0454\" data-element_type=\"widget\" data-e-type=\"widget\" data-widget_type=\"jet-listing-dynamic-field.default\">\n\t\t\t\t<div class=\"elementor-widget-container\">\n\t\t\t\t\t<div class=\"jet-listing jet-listing-dynamic-field display-inline\"><div class=\"jet-listing-dynamic-field__inline-wrap\"><div class=\"jet-listing-dynamic-field__content\" >SAI est dans la gamme des machines \u00e0 broder mono-t\u00eate compacte TAJIMA. Elle offre une finition professionnelle tout en conservant une grande capacit\u00e9 de production. Elle est propos\u00e9e \u00e0 partir de 8500 \u20acHT. Stock disponible.<\/div><\/div><\/div>\t\t\t\t<\/div>\n\t\t\t\t<\/div>\n\t\t\t\t<div class=\"elementor-element elementor-element-da6a794 elementor-absolute elementor-widget elementor-widget-jet-listing-dynamic-link\" data-id=\"da6a794\" data-element_type=\"widget\" data-e-type=\"widget\" data-settings=\"{&quot;_position&quot;:&quot;absolute&quot;}\" data-widget_type=\"jet-listing-dynamic-link.default\">\n\t\t\t\t<div class=\"elementor-widget-container\">\n\t\t\t\t\t<div class=\"jet-listing jet-listing-dynamic-link\"><a href=\"https:\/\/tajimaeurope.com\/fr\/nos-machines-a-broder\/mono-tete-compacte\/tajima-sai\/\" class=\"jet-listing-dynamic-link__link\"><span class=\"jet-listing-dynamic-link__label\">D\u00e9couvrir<\/span><\/a><\/div>\t\t\t\t<\/div>\n\t\t\t\t<\/div>\n\t\t\t\t\t<\/div>\n\t\t<\/div>\n\t\t\t\t\t<\/div>\n\t\t<\/section>\n\t\t\t\t<\/div>\n\t\t<a href=\"https:\/\/tajimaeurope.com\/fr\/nos-machines-a-broder\/mono-tete-compacte\/tajima-sai\/\" class=\"jet-engine-listing-overlay-link\"><\/a><\/div><\/div><\/div><\/div>\t\t\t\t<\/div>\n\t\t\t\t<\/div>\n\t\t\t\t\t<\/div>\n\t\t<\/div>\n\t\t\t\t\t<\/div>\n\t\t<\/section>\n\t\t\t\t<section class=\"elementor-section elementor-top-section elementor-element elementor-element-16415ef elementor-section-boxed elementor-section-height-default elementor-section-height-default\" data-id=\"16415ef\" data-element_type=\"section\" data-e-type=\"section\">\n\t\t\t\t\t\t<div class=\"elementor-container elementor-column-gap-no\">\n\t\t\t\t\t<div class=\"elementor-column elementor-col-100 elementor-top-column elementor-element elementor-element-d398628\" data-id=\"d398628\" data-element_type=\"column\" data-e-type=\"column\">\n\t\t\t<div class=\"elementor-widget-wrap elementor-element-populated\">\n\t\t\t\t\t\t<section class=\"elementor-section elementor-inner-section elementor-element elementor-element-aeb72c5 elementor-section-boxed elementor-section-height-default elementor-section-height-default\" data-id=\"aeb72c5\" data-element_type=\"section\" data-e-type=\"section\">\n\t\t\t\t\t\t<div class=\"elementor-container elementor-column-gap-no\">\n\t\t\t\t\t<div class=\"elementor-column elementor-col-100 elementor-inner-column elementor-element elementor-element-705d3f0\" data-id=\"705d3f0\" data-element_type=\"column\" data-e-type=\"column\">\n\t\t\t<div class=\"elementor-widget-wrap elementor-element-populated\">\n\t\t\t\t\t\t<div class=\"elementor-element elementor-element-80c932b elementor-widget__width-auto backToTopBtn elementor-view-default elementor-position-block-start elementor-mobile-position-block-start elementor-widget elementor-widget-icon-box\" data-id=\"80c932b\" data-element_type=\"widget\" data-e-type=\"widget\" data-widget_type=\"icon-box.default\">\n\t\t\t\t<div class=\"elementor-widget-container\">\n\t\t\t\t\t\t\t<div class=\"elementor-icon-box-wrapper\">\n\n\t\t\t\t\t\t<div class=\"elementor-icon-box-icon\">\n\t\t\t\t<a href=\"#\" class=\"elementor-icon\" tabindex=\"-1\" aria-label=\"Haut de page\">\n\t\t\t\t<svg xmlns=\"http:\/\/www.w3.org\/2000\/svg\" xmlns:xlink=\"http:\/\/www.w3.org\/1999\/xlink\" id=\"Calque_1\" x=\"0px\" y=\"0px\" width=\"37.318px\" height=\"21.373px\" viewBox=\"0 0 37.318 21.373\" xml:space=\"preserve\"><g>\t<polygon points=\"2.797,21.373 0,18.514 18.928,0 37.318,18.534 34.479,21.353 18.885,5.637  \"><\/polygon><\/g><\/svg>\t\t\t\t<\/a>\n\t\t\t<\/div>\n\t\t\t\n\t\t\t\t\t\t<div class=\"elementor-icon-box-content\">\n\n\t\t\t\t\t\t\t\t\t<p class=\"elementor-icon-box-title\">\n\t\t\t\t\t\t<a href=\"#\" >\n\t\t\t\t\t\t\tHaut de page\t\t\t\t\t\t<\/a>\n\t\t\t\t\t<\/p>\n\t\t\t\t\n\t\t\t\t\n\t\t\t<\/div>\n\t\t\t\n\t\t<\/div>\n\t\t\t\t\t\t<\/div>\n\t\t\t\t<\/div>\n\t\t\t\t\t<\/div>\n\t\t<\/div>\n\t\t\t\t\t<\/div>\n\t\t<\/section>\n\t\t\t\t\t<\/div>\n\t\t<\/div>\n\t\t\t\t\t<\/div>\n\t\t<\/section>\n\t\t\t\t<\/div>\n\t\t","protected":false},"excerpt":{"rendered":"<p>SAI SAI est dans la gamme des machines \u00e0 broder mono-t\u00eate compacte TAJIMA. Elle offre une finition professionnelle tout en conservant une grande capacit\u00e9 de production. D\u00e9couvrir Haut de page<\/p>\n","protected":false},"author":2,"featured_media":0,"parent":3258,"menu_order":0,"comment_status":"closed","ping_status":"closed","template":"page-templates\/template-pagebuilder-full-width.php","meta":{"_acf_changed":false,"neve_meta_sidebar":"","neve_meta_container":"","neve_meta_enable_content_width":"","neve_meta_content_width":0,"neve_meta_title_alignment":"","neve_meta_author_avatar":"","neve_post_elements_order":"","neve_meta_disable_header":"","neve_meta_disable_footer":"","neve_meta_disable_title":"","neve_meta_reading_time":"","footnotes":""},"class_list":["post-4587","page","type-page","status-publish","hentry"],"acf":[],"yoast_head":"<!-- This site is optimized with the Yoast SEO plugin v27.3 - https:\/\/yoast.com\/product\/yoast-seo-wordpress\/ -->\n<title>Mono-t\u00eate compacte - Tajima Europe<\/title>\n<meta name=\"robots\" content=\"index, follow, max-snippet:-1, max-image-preview:large, max-video-preview:-1\" \/>\n<link rel=\"canonical\" href=\"https:\/\/tajimaeurope.com\/fr\/nos-machines-a-broder-industrielle-professionnelle-tajima\/mono-tete-compacte\/\" \/>\n<meta property=\"og:locale\" content=\"fr_FR\" \/>\n<meta property=\"og:type\" content=\"article\" \/>\n<meta property=\"og:title\" content=\"Mono-t\u00eate compacte - Tajima Europe\" \/>\n<meta property=\"og:description\" content=\"SAI SAI est dans la gamme des machines \u00e0 broder mono-t\u00eate compacte TAJIMA. Elle offre une finition professionnelle tout en conservant une grande capacit\u00e9 de production. D\u00e9couvrir Haut de page\" \/>\n<meta property=\"og:url\" content=\"https:\/\/tajimaeurope.com\/fr\/nos-machines-a-broder-industrielle-professionnelle-tajima\/mono-tete-compacte\/\" \/>\n<meta property=\"og:site_name\" content=\"Tajima Europe\" \/>\n<meta property=\"article:modified_time\" content=\"2025-05-19T11:26:25+00:00\" \/>\n<meta property=\"og:image\" content=\"https:\/\/tajimaeurope.com\/wp-content\/uploads\/2022\/08\/Tajima-Sai_machine_full.png\" \/>\n<meta name=\"twitter:card\" content=\"summary_large_image\" \/>\n<meta name=\"twitter:label1\" content=\"Dur\u00e9e de lecture estim\u00e9e\" \/>\n\t<meta name=\"twitter:data1\" content=\"2 minutes\" \/>\n<script type=\"application\/ld+json\" class=\"yoast-schema-graph\">{\"@context\":\"https:\\\/\\\/schema.org\",\"@graph\":[{\"@type\":\"WebPage\",\"@id\":\"https:\\\/\\\/tajimaeurope.com\\\/fr\\\/nos-machines-a-broder-industrielle-professionnelle-tajima\\\/mono-tete-compacte\\\/\",\"url\":\"https:\\\/\\\/tajimaeurope.com\\\/fr\\\/nos-machines-a-broder-industrielle-professionnelle-tajima\\\/mono-tete-compacte\\\/\",\"name\":\"Mono-t\u00eate compacte - Tajima Europe\",\"isPartOf\":{\"@id\":\"https:\\\/\\\/tajimaeurope.com\\\/fr\\\/#website\"},\"primaryImageOfPage\":{\"@id\":\"https:\\\/\\\/tajimaeurope.com\\\/fr\\\/nos-machines-a-broder-industrielle-professionnelle-tajima\\\/mono-tete-compacte\\\/#primaryimage\"},\"image\":{\"@id\":\"https:\\\/\\\/tajimaeurope.com\\\/fr\\\/nos-machines-a-broder-industrielle-professionnelle-tajima\\\/mono-tete-compacte\\\/#primaryimage\"},\"thumbnailUrl\":\"https:\\\/\\\/tajimaeurope.com\\\/wp-content\\\/uploads\\\/2022\\\/08\\\/Tajima-Sai_machine_full.png\",\"datePublished\":\"2022-08-18T06:29:38+00:00\",\"dateModified\":\"2025-05-19T11:26:25+00:00\",\"breadcrumb\":{\"@id\":\"https:\\\/\\\/tajimaeurope.com\\\/fr\\\/nos-machines-a-broder-industrielle-professionnelle-tajima\\\/mono-tete-compacte\\\/#breadcrumb\"},\"inLanguage\":\"fr-FR\",\"potentialAction\":[{\"@type\":\"ReadAction\",\"target\":[\"https:\\\/\\\/tajimaeurope.com\\\/fr\\\/nos-machines-a-broder-industrielle-professionnelle-tajima\\\/mono-tete-compacte\\\/\"]}]},{\"@type\":\"ImageObject\",\"inLanguage\":\"fr-FR\",\"@id\":\"https:\\\/\\\/tajimaeurope.com\\\/fr\\\/nos-machines-a-broder-industrielle-professionnelle-tajima\\\/mono-tete-compacte\\\/#primaryimage\",\"url\":\"https:\\\/\\\/tajimaeurope.com\\\/wp-content\\\/uploads\\\/2022\\\/08\\\/Tajima-Sai_machine_full.png\",\"contentUrl\":\"https:\\\/\\\/tajimaeurope.com\\\/wp-content\\\/uploads\\\/2022\\\/08\\\/Tajima-Sai_machine_full.png\"},{\"@type\":\"BreadcrumbList\",\"@id\":\"https:\\\/\\\/tajimaeurope.com\\\/fr\\\/nos-machines-a-broder-industrielle-professionnelle-tajima\\\/mono-tete-compacte\\\/#breadcrumb\",\"itemListElement\":[{\"@type\":\"ListItem\",\"position\":1,\"name\":\"Accueil\",\"item\":\"https:\\\/\\\/tajimaeurope.com\\\/fr\\\/\"},{\"@type\":\"ListItem\",\"position\":2,\"name\":\"Machines \u00e0 broder\",\"item\":\"https:\\\/\\\/tajimaeurope.com\\\/fr\\\/nos-machines-a-broder-industrielle-professionnelle-tajima\\\/\"},{\"@type\":\"ListItem\",\"position\":3,\"name\":\"Mono-t\u00eate compacte\"}]},{\"@type\":\"WebSite\",\"@id\":\"https:\\\/\\\/tajimaeurope.com\\\/fr\\\/#website\",\"url\":\"https:\\\/\\\/tajimaeurope.com\\\/fr\\\/\",\"name\":\"Tajima Europe\",\"description\":\"Les experts outils dans les m\u00e9tiers de la broderie\",\"publisher\":{\"@id\":\"https:\\\/\\\/tajimaeurope.com\\\/fr\\\/#organization\"},\"potentialAction\":[{\"@type\":\"SearchAction\",\"target\":{\"@type\":\"EntryPoint\",\"urlTemplate\":\"https:\\\/\\\/tajimaeurope.com\\\/fr\\\/?s={search_term_string}\"},\"query-input\":{\"@type\":\"PropertyValueSpecification\",\"valueRequired\":true,\"valueName\":\"search_term_string\"}}],\"inLanguage\":\"fr-FR\"},{\"@type\":\"Organization\",\"@id\":\"https:\\\/\\\/tajimaeurope.com\\\/fr\\\/#organization\",\"name\":\"Tajima Europe\",\"url\":\"https:\\\/\\\/tajimaeurope.com\\\/fr\\\/\",\"logo\":{\"@type\":\"ImageObject\",\"inLanguage\":\"fr-FR\",\"@id\":\"https:\\\/\\\/tajimaeurope.com\\\/fr\\\/#\\\/schema\\\/logo\\\/image\\\/\",\"url\":\"https:\\\/\\\/tajimaeurope.com\\\/wp-content\\\/uploads\\\/2020\\\/03\\\/logo-mail.jpg\",\"contentUrl\":\"https:\\\/\\\/tajimaeurope.com\\\/wp-content\\\/uploads\\\/2020\\\/03\\\/logo-mail.jpg\",\"width\":179,\"height\":150,\"caption\":\"Tajima Europe\"},\"image\":{\"@id\":\"https:\\\/\\\/tajimaeurope.com\\\/fr\\\/#\\\/schema\\\/logo\\\/image\\\/\"}}]}<\/script>\n<!-- \/ Yoast SEO plugin. -->","yoast_head_json":{"title":"Mono-t\u00eate compacte - Tajima Europe","robots":{"index":"index","follow":"follow","max-snippet":"max-snippet:-1","max-image-preview":"max-image-preview:large","max-video-preview":"max-video-preview:-1"},"canonical":"https:\/\/tajimaeurope.com\/fr\/nos-machines-a-broder-industrielle-professionnelle-tajima\/mono-tete-compacte\/","og_locale":"fr_FR","og_type":"article","og_title":"Mono-t\u00eate compacte - Tajima Europe","og_description":"SAI SAI est dans la gamme des machines \u00e0 broder mono-t\u00eate compacte TAJIMA. Elle offre une finition professionnelle tout en conservant une grande capacit\u00e9 de production. D\u00e9couvrir Haut de page","og_url":"https:\/\/tajimaeurope.com\/fr\/nos-machines-a-broder-industrielle-professionnelle-tajima\/mono-tete-compacte\/","og_site_name":"Tajima Europe","article_modified_time":"2025-05-19T11:26:25+00:00","og_image":[{"url":"https:\/\/tajimaeurope.com\/wp-content\/uploads\/2022\/08\/Tajima-Sai_machine_full.png","type":"","width":"","height":""}],"twitter_card":"summary_large_image","twitter_misc":{"Dur\u00e9e de lecture estim\u00e9e":"2 minutes"},"schema":{"@context":"https:\/\/schema.org","@graph":[{"@type":"WebPage","@id":"https:\/\/tajimaeurope.com\/fr\/nos-machines-a-broder-industrielle-professionnelle-tajima\/mono-tete-compacte\/","url":"https:\/\/tajimaeurope.com\/fr\/nos-machines-a-broder-industrielle-professionnelle-tajima\/mono-tete-compacte\/","name":"Mono-t\u00eate compacte - Tajima Europe","isPartOf":{"@id":"https:\/\/tajimaeurope.com\/fr\/#website"},"primaryImageOfPage":{"@id":"https:\/\/tajimaeurope.com\/fr\/nos-machines-a-broder-industrielle-professionnelle-tajima\/mono-tete-compacte\/#primaryimage"},"image":{"@id":"https:\/\/tajimaeurope.com\/fr\/nos-machines-a-broder-industrielle-professionnelle-tajima\/mono-tete-compacte\/#primaryimage"},"thumbnailUrl":"https:\/\/tajimaeurope.com\/wp-content\/uploads\/2022\/08\/Tajima-Sai_machine_full.png","datePublished":"2022-08-18T06:29:38+00:00","dateModified":"2025-05-19T11:26:25+00:00","breadcrumb":{"@id":"https:\/\/tajimaeurope.com\/fr\/nos-machines-a-broder-industrielle-professionnelle-tajima\/mono-tete-compacte\/#breadcrumb"},"inLanguage":"fr-FR","potentialAction":[{"@type":"ReadAction","target":["https:\/\/tajimaeurope.com\/fr\/nos-machines-a-broder-industrielle-professionnelle-tajima\/mono-tete-compacte\/"]}]},{"@type":"ImageObject","inLanguage":"fr-FR","@id":"https:\/\/tajimaeurope.com\/fr\/nos-machines-a-broder-industrielle-professionnelle-tajima\/mono-tete-compacte\/#primaryimage","url":"https:\/\/tajimaeurope.com\/wp-content\/uploads\/2022\/08\/Tajima-Sai_machine_full.png","contentUrl":"https:\/\/tajimaeurope.com\/wp-content\/uploads\/2022\/08\/Tajima-Sai_machine_full.png"},{"@type":"BreadcrumbList","@id":"https:\/\/tajimaeurope.com\/fr\/nos-machines-a-broder-industrielle-professionnelle-tajima\/mono-tete-compacte\/#breadcrumb","itemListElement":[{"@type":"ListItem","position":1,"name":"Accueil","item":"https:\/\/tajimaeurope.com\/fr\/"},{"@type":"ListItem","position":2,"name":"Machines \u00e0 broder","item":"https:\/\/tajimaeurope.com\/fr\/nos-machines-a-broder-industrielle-professionnelle-tajima\/"},{"@type":"ListItem","position":3,"name":"Mono-t\u00eate compacte"}]},{"@type":"WebSite","@id":"https:\/\/tajimaeurope.com\/fr\/#website","url":"https:\/\/tajimaeurope.com\/fr\/","name":"Tajima Europe","description":"Les experts outils dans les m\u00e9tiers de la broderie","publisher":{"@id":"https:\/\/tajimaeurope.com\/fr\/#organization"},"potentialAction":[{"@type":"SearchAction","target":{"@type":"EntryPoint","urlTemplate":"https:\/\/tajimaeurope.com\/fr\/?s={search_term_string}"},"query-input":{"@type":"PropertyValueSpecification","valueRequired":true,"valueName":"search_term_string"}}],"inLanguage":"fr-FR"},{"@type":"Organization","@id":"https:\/\/tajimaeurope.com\/fr\/#organization","name":"Tajima Europe","url":"https:\/\/tajimaeurope.com\/fr\/","logo":{"@type":"ImageObject","inLanguage":"fr-FR","@id":"https:\/\/tajimaeurope.com\/fr\/#\/schema\/logo\/image\/","url":"https:\/\/tajimaeurope.com\/wp-content\/uploads\/2020\/03\/logo-mail.jpg","contentUrl":"https:\/\/tajimaeurope.com\/wp-content\/uploads\/2020\/03\/logo-mail.jpg","width":179,"height":150,"caption":"Tajima Europe"},"image":{"@id":"https:\/\/tajimaeurope.com\/fr\/#\/schema\/logo\/image\/"}}]}},"_links":{"self":[{"href":"https:\/\/tajimaeurope.com\/fr\/wp-json\/wp\/v2\/pages\/4587","targetHints":{"allow":["GET"]}}],"collection":[{"href":"https:\/\/tajimaeurope.com\/fr\/wp-json\/wp\/v2\/pages"}],"about":[{"href":"https:\/\/tajimaeurope.com\/fr\/wp-json\/wp\/v2\/types\/page"}],"author":[{"embeddable":true,"href":"https:\/\/tajimaeurope.com\/fr\/wp-json\/wp\/v2\/users\/2"}],"replies":[{"embeddable":true,"href":"https:\/\/tajimaeurope.com\/fr\/wp-json\/wp\/v2\/comments?post=4587"}],"version-history":[{"count":0,"href":"https:\/\/tajimaeurope.com\/fr\/wp-json\/wp\/v2\/pages\/4587\/revisions"}],"up":[{"embeddable":true,"href":"https:\/\/tajimaeurope.com\/fr\/wp-json\/wp\/v2\/pages\/3258"}],"wp:attachment":[{"href":"https:\/\/tajimaeurope.com\/fr\/wp-json\/wp\/v2\/media?parent=4587"}],"curies":[{"name":"wp","href":"https:\/\/api.w.org\/{rel}","templated":true}]}}